{"id":88,"date":"2014-11-20T15:04:07","date_gmt":"2014-11-20T15:04:07","guid":{"rendered":"http:\/\/www.nosetonose.info\/ie\/?page_id=88"},"modified":"2024-02-12T18:28:08","modified_gmt":"2024-02-12T17:28:08","slug":"articles-3","status":"publish","type":"page","link":"https:\/\/www.nosetonose.info\/pl\/articles-3","title":{"rendered":"ARTYKU\u0141Y"},"content":{"rendered":"<h1 class=\"p1\">ARTYKU\u0141Y<\/h1>\n<h2 class=\"p1\">Fryderyk Schiller<\/h2>\n<p class=\"p1\">Cz\u0142owiek bawi si\u0119 tylko wtedy, gdy jest cz\u0142owiekiem w najpe\u0142niejszym tego s\u0142owa znaczeniu, a cz\u0142owiekiem jest w pe\u0142ni tylko wtedy, gdy si\u0119 bawi.<\/p>\n<h2 class=\"p1\">Henryk Miller<\/h2>\n<p class=\"p1\">\u201eKlaun to poeta w dzia\u0142aniu. Jest histori\u0105, kt\u00f3r\u0105 odgrywa.<\/p>\n<p class=\"p1\">Klaun uczy nas \u015bmia\u0107 si\u0119 z samych siebie.<\/p>\n<p class=\"p1\">Rado\u015b\u0107 jest jak rzeka: p\u0142ynie nieprzerwanie. Wydaje mi si\u0119, \u017ce to jest przes\u0142anie, kt\u00f3re klaun pr\u00f3buje nam przekaza\u0107, \u017ce powinni\u015bmy uczestniczy\u0107 poprzez nieustanny przep\u0142yw i ruch, \u017ce nie powinni\u015bmy zatrzymywa\u0107 si\u0119, aby zastanawia\u0107 si\u0119, por\u00f3wnywa\u0107, analizowa\u0107, posiada\u0107, ale p\u0142yn\u0105\u0107 dalej i dalej, bez ko\u0144ca, jak muzyka. To jest dar poddania si\u0119 i klaun czyni to symbolicznie.\u201d<\/p>\n<h2 class=\"p1\">Edgara Degasa<\/h2>\n<p class=\"p1\">Malarz robi dobre rzeczy dopiero wtedy, gdy nie wie co robi.<\/p>\n<h2 class=\"p1\">George Bernard Shaw<\/h2>\n<p class=\"p1\">Cz\u0142owiek rozs\u0105dny dostosowuje si\u0119 do \u015bwiata; cz\u0142owiek nierozs\u0105dny uparcie pr\u00f3buje dostosowa\u0107 \u015bwiat do siebie. Dlatego ca\u0142y post\u0119p zale\u017cy od nierozs\u0105dnego cz\u0142owieka.<\/p>\n<h2 class=\"p1\">A. Simon \u201eLa plan\u00e8te des clowns\u201d<\/h2>\n<p class=\"p1\">\u201eSztuka klauna polega na uwolnieniu si\u0119 od wszystkich r\u00f3l z wyj\u0105tkiem jednej: naszej w\u0142asnej. \u201d<\/p>\n<h2 class=\"p1\">Stephen Nachmanovitch, w grze swobodnej (1990)<\/h2>\n<p class=\"p1\">Jedyna droga do si\u0142y wiedzie przez wra\u017cliwo\u015b\u0107.<\/p>\n<h2 class=\"p1\">Wiktor Borge<\/h2>\n<p class=\"p1\">\u201e\u015amiech to najkr\u00f3tsza odleg\u0142o\u015b\u0107 mi\u0119dzy dwojgiem ludzi\u201d<\/p>\n<p style=\"text-align: left;\">\n","protected":false},"excerpt":{"rendered":"<p>ARTYKU\u0141Y Fryderyk Schiller Cz\u0142owiek bawi si\u0119 tylko wtedy, gdy jest cz\u0142owiekiem w najpe\u0142niejszym tego s\u0142owa znaczeniu, a cz\u0142owiekiem jest w pe\u0142ni tylko wtedy, gdy si\u0119 bawi. Henryk Miller \u201eKlaun to poeta w dzia\u0142aniu. Jest histori\u0105, kt\u00f3r\u0105 odgrywa. Klaun uczy nas \u015bmia\u0107 si\u0119 z samych siebie. Rado\u015b\u0107 jest jak rzeka: p\u0142ynie nieprzerwanie. Wydaje mi si\u0119, \u017ce [&hellip;]<\/p>\n","protected":false},"author":2,"featured_media":0,"parent":0,"menu_order":0,"comment_status":"closed","ping_status":"closed","template":"","meta":[],"_links":{"self":[{"href":"https:\/\/www.nosetonose.info\/pl\/wp-json\/wp\/v2\/pages\/88"}],"collection":[{"href":"https:\/\/www.nosetonose.info\/pl\/wp-json\/wp\/v2\/pages"}],"about":[{"href":"https:\/\/www.nosetonose.info\/pl\/wp-json\/wp\/v2\/types\/page"}],"author":[{"embeddable":true,"href":"https:\/\/www.nosetonose.info\/pl\/wp-json\/wp\/v2\/users\/2"}],"replies":[{"embeddable":true,"href":"https:\/\/www.nosetonose.info\/pl\/wp-json\/wp\/v2\/comments?post=88"}],"version-history":[{"count":20,"href":"https:\/\/www.nosetonose.info\/pl\/wp-json\/wp\/v2\/pages\/88\/revisions"}],"predecessor-version":[{"id":765,"href":"https:\/\/www.nosetonose.info\/pl\/wp-json\/wp\/v2\/pages\/88\/revisions\/765"}],"wp:attachment":[{"href":"https:\/\/www.nosetonose.info\/pl\/wp-json\/wp\/v2\/media?parent=88"}],"curies":[{"name":"wp","href":"https:\/\/api.w.org\/{rel}","templated":true}]}}