{"id":58,"date":"2014-11-20T09:55:37","date_gmt":"2014-11-20T09:55:37","guid":{"rendered":"http:\/\/www.nosetonose.info\/ie\/?page_id=58"},"modified":"2024-02-12T18:31:58","modified_gmt":"2024-02-12T17:31:58","slug":"contact","status":"publish","type":"page","link":"https:\/\/www.nosetonose.info\/pl\/contact","title":{"rendered":"KONTAKT"},"content":{"rendered":"<div id=\"mc_embed_signup\">\n<form id=\"mc-embedded-subscribe-form\" class=\"validate\" action=\"\/\/nosetonose.us12.list-manage.com\/subscribe\/post?u=a6b6df63c18e76f16e939a26f&amp;id=8d71384bb9\" method=\"post\" name=\"mc-embedded-subscribe-form\" novalidate=\"\" target=\"_blank\">\n<div id=\"mc_embed_signup_scroll\">\n<div class=\"mc-field-group\">\n<p class=\"p1\">KONTAKT<\/p>\n<p class=\"p1\">ABY SI\u0118 Z NAMI SKONTAKTOWA\u0106<\/p>\n<p class=\"p1\">Mo\u017cesz wys\u0142a\u0107 e-mail do Nose do Nose Poland<\/p>\n<p class=\"p1\">na adres piotr@nosetonose.info<\/p>\n<p class=\"p1\">DO\u0141\u0104CZ DO NASZEJ LISTY MAILINGOWEJ dla Polski<\/p>\n<p class=\"p1\">Wype\u0142nij poni\u017cszy formularz i otrzymuj nasz newsletter<\/p>\n<p class=\"p1\">(w ka\u017cdej chwili mo\u017cesz \u0142atwo i automatycznie zrezygnowa\u0107 z subskrypcji):<\/p>\n<p class=\"p1\">E-mail *<\/p>\n<p class=\"p1\">Zapisz si\u0119 na nasz\u0105 list\u0119 mailingow\u0105<\/p>\n<p class=\"p1\">* wskazuje wymagane<\/p>\n<p class=\"p1\">Adres e-mail *<\/p>\n<p><label for=\"mce-EMAIL\"><br \/>\n<\/label><br \/>\n<input id=\"mce-EMAIL\" class=\"required email\" style=\"background-image: url('data:image\/png;base64,iVBORw0KGgoAAAANSUhEUgAAACAAAAAgCAYAAABzenr0AAAAAXNSR0IArs4c6QAAAfBJREFUWAntVk1OwkAUZkoDKza4Utm61iP0AqyIDXahN2BjwiHYGU+gizap4QDuegWN7lyCbMSlCQjU7yO0TOlAi6GwgJc0fT\/fzPfmzet0crmD7HsFBAvQbrcrw+Gw5fu+AfOYvgylJ4TwCoVCs1ardYTruqfj8fgV5OUMSVVT93VdP9dAzpVvm5wJHZFbg2LQ2pEYOlZ\/oiDvwNcsFoseY4PBwMCrhaeCJyKWZU37KOJcYdi27QdhcuuBIb073BvTNL8ln4NeeR6NRi\/wxZKQcGurQs5oNhqLshzVTMBewW\/LMU3TTNlO0ieTiStjYhUIyi6DAp0xbEdgTt+LE0aCKQw24U4llsCs4ZRJrYopB6RwqnpA1YQ5NGFZ1YQ41Z5S8IQQdP5laEBRJcD4Vj5DEsW2gE6s6g3d\/YP\/g+BDnT7GNi2qCjTwGd6riBzHaaCEd3Js01vwCPIbmWBRx1nwAN\/1ov+\/drgFWIlfKpVukyYihtgkXNp4mABK+1GtVr+SBhJDbBIubVw+Cd\/TDgKO2DPiN3YUo6y\/nDCNEIsqTKH1en2tcwA9FKEItyDi3aIh8Gl1sRrVnSDzNFDJT1bAy5xpOYGn5fP5JuL95ZjMIn1ya7j5dPGfv0A5eAnpZUY3n5jXcoec5J67D9q+VuAPM47D3XaSeL4AAAAASUVORK5CYII='); background-repeat: no-repeat; background-attachment: scroll; background-size: 16px 18px; background-position: 98% 50%;\" name=\"EMAIL\" type=\"email\" value=\"\" \/><\/div>\n<div class=\"mc-field-group\"><label for=\"mce-NAME\">Name <span class=\"asterisk\">*<\/span><br \/>\n<\/label><br \/>\n<input id=\"mce-NAME\" class=\"required\" name=\"NAME\" type=\"text\" value=\"\" \/><\/div>\n<div id=\"mce-responses\" class=\"clear\">\n<div id=\"mce-error-response\" class=\"response\" style=\"display: none;\"><\/div>\n<div id=\"mce-success-response\" class=\"response\" style=\"display: none;\"><\/div>\n<\/div>\n<p><!-- real people should not fill this in and expect good things - do not remove this or risk form bot signups--><\/p>\n<div style=\"position: absolute; left: -5000px;\" aria-hidden=\"true\"><input tabindex=\"-1\" name=\"b_a6b6df63c18e76f16e939a26f_8d71384bb9\" type=\"text\" value=\"\" \/><\/div>\n<div class=\"clear\"><input id=\"mc-embedded-subscribe\" class=\"button\" name=\"subscribe\" type=\"submit\" value=\"Subscribe\" \/><\/div>\n<\/div>\n<\/form>\n<\/div>\n<p><script type=\"text\/javascript\" src=\"\/\/s3.amazonaws.com\/downloads.mailchimp.com\/js\/mc-validate.js\"><\/script><script type=\"text\/javascript\">(function($) {window.fnames = new Array(); window.ftypes = new Array();fnames[0]='EMAIL';ftypes[0]='email';fnames[1]='NAME';ftypes[1]='text';}(jQuery));var $mcj = jQuery.noConflict(true);<\/script><br \/>\n<!--End mc_embed_signup--><\/p>\n","protected":false},"excerpt":{"rendered":"<p>KONTAKT ABY SI\u0118 Z NAMI SKONTAKTOWA\u0106 Mo\u017cesz wys\u0142a\u0107 e-mail do Nose do Nose Poland na adres piotr@nosetonose.info DO\u0141\u0104CZ DO NASZEJ LISTY MAILINGOWEJ dla Polski Wype\u0142nij poni\u017cszy formularz i otrzymuj nasz newsletter (w ka\u017cdej chwili mo\u017cesz \u0142atwo i automatycznie zrezygnowa\u0107 z subskrypcji): E-mail * Zapisz si\u0119 na nasz\u0105 list\u0119 mailingow\u0105 * wskazuje wymagane Adres e-mail * [&hellip;]<\/p>\n","protected":false},"author":2,"featured_media":0,"parent":0,"menu_order":0,"comment_status":"closed","ping_status":"closed","template":"","meta":[],"_links":{"self":[{"href":"https:\/\/www.nosetonose.info\/pl\/wp-json\/wp\/v2\/pages\/58"}],"collection":[{"href":"https:\/\/www.nosetonose.info\/pl\/wp-json\/wp\/v2\/pages"}],"about":[{"href":"https:\/\/www.nosetonose.info\/pl\/wp-json\/wp\/v2\/types\/page"}],"author":[{"embeddable":true,"href":"https:\/\/www.nosetonose.info\/pl\/wp-json\/wp\/v2\/users\/2"}],"replies":[{"embeddable":true,"href":"https:\/\/www.nosetonose.info\/pl\/wp-json\/wp\/v2\/comments?post=58"}],"version-history":[{"count":11,"href":"https:\/\/www.nosetonose.info\/pl\/wp-json\/wp\/v2\/pages\/58\/revisions"}],"predecessor-version":[{"id":767,"href":"https:\/\/www.nosetonose.info\/pl\/wp-json\/wp\/v2\/pages\/58\/revisions\/767"}],"wp:attachment":[{"href":"https:\/\/www.nosetonose.info\/pl\/wp-json\/wp\/v2\/media?parent=58"}],"curies":[{"name":"wp","href":"https:\/\/api.w.org\/{rel}","templated":true}]}}