{"id":56,"date":"2020-07-03T14:32:00","date_gmt":"2020-07-03T13:32:00","guid":{"rendered":"http:\/\/www.nosetonose.info\/ie\/?page_id=56"},"modified":"2026-03-03T10:37:54","modified_gmt":"2026-03-03T09:37:54","slug":"team","status":"publish","type":"page","link":"https:\/\/www.nosetonose.info\/pl\/team","title":{"rendered":"ZESP\u00d3\u0141"},"content":{"rendered":"<p><span style=\"font-size: 21px;\"><strong>Piotr Bujak<\/strong><\/span><\/p>\n<div align=\"left\">\n<p class=\"p1\">Piotr kszta\u0142ci\u0142 si\u0119 w Emerson College w Wielkiej Brytani, The Artemis School of Speech &amp; Drama oraz w The Nose to Nose. Od 2006 roku prowadzi warsztaty klaunady w Irlandii, Holandii, Polsce, Nowej Zelandii, Indiach, UK, Litwie i \u0141otwie. Interesuje go archetyp klauna;\u00a0 jego tajemnicza moc przemiany przez zabaw\u0119 oraz lekko\u015b\u0107 z jakim klaun radzi sobie z trudnymi tematami.\u00a0<\/p>\n<\/div>\n<p style=\"text-align: left;\"><span style=\"font-size: 21px;\"><strong>\u00a0 \u00a0 \u00a0 \u00a0 \u00a0 \u00a0 \u00a0 \u00a0 \u00a0 \u00a0 \u00a0 \u00a0 \u00a0 \u00a0 \u00a0 \u00a0 <\/strong><\/span><\/p>\n<p style=\"text-align: left;\"><span style=\"font-size: 21px;\"><strong>\u00a0 \u00a0 \u00a0 \u00a0 \u00a0 \u00a0 \u00a0 \u00a0 \u00a0 \u00a0 \u00a0 \u00a0 \u00a0 \u00a0 \u00a0 \u00a0 \u00a0 \u00a0 \u00a0 \u00a0 \u00a0 \u00a0 \u00a0 \u00a0 \u00a0 \u00a0 \u00a0 \u00a0 \u00a0 \u00a0 \u00a0 \u00a0 \u00a0 <\/strong><\/span><\/p>\n<p style=\"text-align: left;\"><span style=\"font-size: 21px;\"><strong>\u00a0Vivian Gladwell<\/strong><\/span><\/p>\n<p><img decoding=\"async\" loading=\"lazy\" class=\" wp-image-623 alignleft\" src=\"https:\/\/www.nosetonose.info\/ie\/wp-content\/uploads\/2020\/07\/Vivian-close-2-300x200.jpg\" alt=\"\" width=\"359\" height=\"239\" srcset=\"https:\/\/www.nosetonose.info\/pl\/wp-content\/uploads\/2020\/07\/Vivian-close-2-300x200.jpg 300w, https:\/\/www.nosetonose.info\/pl\/wp-content\/uploads\/2020\/07\/Vivian-close-2-1024x683.jpg 1024w, https:\/\/www.nosetonose.info\/pl\/wp-content\/uploads\/2020\/07\/Vivian-close-2-768x512.jpg 768w, https:\/\/www.nosetonose.info\/pl\/wp-content\/uploads\/2020\/07\/Vivian-close-2-272x182.jpg 272w, https:\/\/www.nosetonose.info\/pl\/wp-content\/uploads\/2020\/07\/Vivian-close-2.jpg 1200w\" sizes=\"(max-width: 359px) 100vw, 359px\" \/><\/p>\n<p class=\"p1\">Za\u0142o\u017cyciel The Nose to Nose (1988)<\/p>\n<p class=\"p1\">Vivian jest dyrektorem Nose to Nose. Prowadzi\u0142 setki warsztat\u00f3w na ca\u0142ym \u015bwiecie. Mieszka w Wielkiej Brytanii i Francji, gdzie w 1978 roku zacz\u0105\u0142 zajmowa\u0107 si\u0119 klaunad\u0105. M\u00f3wi biegle po francusku i angielsku.<\/p>\n<p class=\"p1\">Zacz\u0105\u0142 uczy\u0107 klaunady w 1988 roku w ramach Life ways Festival w Emerson College w Wielkiej Brytanii. Szkoli\u0142 si\u0119 na faccilitatora w Bataclownie w 1990 r. i do\u0142\u0105czy\u0142 do ich zespo\u0142u w 1991 r., pracuj\u0105c r\u00f3wnie\u017c jako wsp\u00f3\u0142czesny nadworny b\u0142azen (analityk klaun\u00f3w).<\/p>\n<p class=\"p1\">Stworzy\u0142 Nose to Nose UK w 1990 r., Nose to Nose of North America w 2006 r., Nose to Nose Germany w 2008 r., NTN Italy w 2016 r. oraz Fool View, grup\u0119 Social Clowning i szkoli\u0142 facylitator\u00f3w w Wielkiej Brytanii, USA, Niemczech i we W\u0142oszech.<\/p>\n<p class=\"p1\">Kontynuuje swoj\u0105 rol\u0119 ambasadora tej pracy, badaj\u0105c zastosowania klaunady w kontek\u015bcie szkolenia nauczycieli, medycyny, zarz\u0105dzania konfliktami, ekologii i pracy mi\u0119dzykulturowej w wielu krajach (RPA, USA, Senegal, Wietnam, Indie, Malezja, W\u0142ochy, Niemcy, Norwegia\u2026)<\/p>\n<p class=\"p1\">Wed\u0142ug niego klaunada jest spo\u0142ecznym placem zabaw umo\u017cliwiaj\u0105cym odkrywanie naszego cz\u0142owiecze\u0144stwa.<\/p>\n<p>\u00a0<\/p>\n\n\n<p><\/p>\n","protected":false},"excerpt":{"rendered":"<p>Piotr Bujak Piotr kszta\u0142ci\u0142 si\u0119 w Emerson College w Wielkiej Brytani, The Artemis School of Speech &amp; Drama oraz w The Nose to Nose. Od 2006 roku prowadzi warsztaty klaunady w Irlandii, Holandii, Polsce, Nowej Zelandii, Indiach, UK, Litwie i \u0141otwie. Interesuje go archetyp klauna;\u00a0 jego tajemnicza moc przemiany przez zabaw\u0119 oraz lekko\u015b\u0107 z jakim [&hellip;]<\/p>\n","protected":false},"author":2,"featured_media":0,"parent":0,"menu_order":0,"comment_status":"closed","ping_status":"closed","template":"page-porfolio.php","meta":[],"_links":{"self":[{"href":"https:\/\/www.nosetonose.info\/pl\/wp-json\/wp\/v2\/pages\/56"}],"collection":[{"href":"https:\/\/www.nosetonose.info\/pl\/wp-json\/wp\/v2\/pages"}],"about":[{"href":"https:\/\/www.nosetonose.info\/pl\/wp-json\/wp\/v2\/types\/page"}],"author":[{"embeddable":true,"href":"https:\/\/www.nosetonose.info\/pl\/wp-json\/wp\/v2\/users\/2"}],"replies":[{"embeddable":true,"href":"https:\/\/www.nosetonose.info\/pl\/wp-json\/wp\/v2\/comments?post=56"}],"version-history":[{"count":51,"href":"https:\/\/www.nosetonose.info\/pl\/wp-json\/wp\/v2\/pages\/56\/revisions"}],"predecessor-version":[{"id":794,"href":"https:\/\/www.nosetonose.info\/pl\/wp-json\/wp\/v2\/pages\/56\/revisions\/794"}],"wp:attachment":[{"href":"https:\/\/www.nosetonose.info\/pl\/wp-json\/wp\/v2\/media?parent=56"}],"curies":[{"name":"wp","href":"https:\/\/api.w.org\/{rel}","templated":true}]}}