{"id":54,"date":"2014-11-20T09:53:28","date_gmt":"2014-11-20T09:53:28","guid":{"rendered":"http:\/\/www.nosetonose.info\/ie\/?page_id=54"},"modified":"2024-02-17T04:47:39","modified_gmt":"2024-02-17T03:47:39","slug":"approach","status":"publish","type":"page","link":"https:\/\/www.nosetonose.info\/pl\/approach","title":{"rendered":"SPOS\u00d3B PRACY"},"content":{"rendered":"\n<h1 class=\"wp-block-heading\"><a href=\"http:\/\/www.nosetonose.info\/ie\/wp-content\/uploads\/2014\/11\/buildings.jpg\"><img decoding=\"async\" loading=\"lazy\" width=\"336\" height=\"287\" class=\"alignright wp-image-5\" src=\"http:\/\/www.nosetonose.info\/ie\/wp-content\/uploads\/2014\/11\/buildings-300x256.jpg\" alt=\"buildings\" srcset=\"https:\/\/www.nosetonose.info\/pl\/wp-content\/uploads\/2014\/11\/buildings-300x256.jpg 300w, https:\/\/www.nosetonose.info\/pl\/wp-content\/uploads\/2014\/11\/buildings.jpg 349w\" sizes=\"(max-width: 336px) 100vw, 336px\" \/><\/a><\/h1>\n\n\n\n<p>Oto niekt\u00f3re z kluczowych zasad, kt\u00f3rych przestrzegamy w naszym nauczaniu:<\/p>\n\n\n\n<p>MA\u0141Y ROZMIAR GRUP<\/p>\n\n\n\n<p>PODEJ\u015aCIE SKONCENTROWANE NA OSOBIE<\/p>\n\n\n\n<p>STRUKTURALNE NAUCZANIE DOSTOSOWANE DO TWOJEGO POZIOMU DO\u015aWIADCZENIA<\/p>\n\n\n\n<p>OPIEKA I WSPIERANIE <\/p>\n\n\n\n<p>POZYTYWNE OCENIANIE<\/p>\n\n\n\n<p>MO\u017bECIE ZOSTA\u0106 W\u0141ASNYMI NAUCZYCIELAMI<\/p>\n\n\n\n<p>WSP\u00d3\u0141PRACA <\/p>\n\n\n\n<p>Wierzymy, \u017ce pozostajemy wierni duchowi klaunady, kiedy p\u0142yniemy z procesem tw\u00f3rczym ka\u017cdej osoby, kiedy piel\u0119gnujemy w niej ekspresj\u0119 emocjonaln\u0105 i rozw\u00f3j wyobra\u017ani oraz kiedy pomagamy w odnalezieniu w\u0142asnego, niepowtarzalnego sposobu bycia klaunem opartego na  relacji z publiczno\u015bci\u0105.<\/p>\n\n\n\n<p>Pomagaj\u0105c ludziom odkry\u0107 w sobie klauna trafiamy prosto do sedna klaunady, jakim jest poszukiwanie autentyczno\u015bci zar\u00f3wno w spo\u0142ecznym, jak i osobistym wymiarze naszego \u017cycia.<\/p>\n\n\n\n<p>Podej\u015bcie do klaunady, kt\u00f3re wypracowali\u015bmy przez lata, ma istotne echa zar\u00f3wno na polach rozwoju osobistego w ramach naszych warsztat\u00f3w Clown Within, jak i na polach mediacji spo\u0142ecznej w naszej Grupie Court Jester. W naszych warsztatach bior\u0105 udzia\u0142 ludzie z r\u00f3\u017cnych \u015brodowisk zawodowych i spo\u0142ecznych, w ka\u017cdym wieku, z lub bez wcze\u015bniejszego do\u015bwiadczenia z teatrem.<\/p>\n\n\n\n<p>Wielu uczestnik\u00f3w warsztat\u00f3w kontynuuje z nami wsp\u00f3\u0142prac\u0119, poniewa\u017c wolno\u015b\u0107 i zabawa, kt\u00f3r\u0105 odkryli w czasie warsztat\u00f3w, powalaj\u0105 im rozwija\u0107 w sobie nowe sposoby radzenia sobie ze \u015bwiatem.<\/p>\n","protected":false},"excerpt":{"rendered":"<p>Oto niekt\u00f3re z kluczowych zasad, kt\u00f3rych przestrzegamy w naszym nauczaniu: MA\u0141Y ROZMIAR GRUP PODEJ\u015aCIE SKONCENTROWANE NA OSOBIE STRUKTURALNE NAUCZANIE DOSTOSOWANE DO TWOJEGO POZIOMU DO\u015aWIADCZENIA OPIEKA I WSPIERANIE POZYTYWNE OCENIANIE MO\u017bECIE ZOSTA\u0106 W\u0141ASNYMI NAUCZYCIELAMI WSP\u00d3\u0141PRACA Wierzymy, \u017ce pozostajemy wierni duchowi klaunady, kiedy p\u0142yniemy z procesem tw\u00f3rczym ka\u017cdej osoby, kiedy piel\u0119gnujemy w niej ekspresj\u0119 emocjonaln\u0105 i rozw\u00f3j [&hellip;]<\/p>\n","protected":false},"author":2,"featured_media":0,"parent":0,"menu_order":0,"comment_status":"closed","ping_status":"closed","template":"","meta":[],"_links":{"self":[{"href":"https:\/\/www.nosetonose.info\/pl\/wp-json\/wp\/v2\/pages\/54"}],"collection":[{"href":"https:\/\/www.nosetonose.info\/pl\/wp-json\/wp\/v2\/pages"}],"about":[{"href":"https:\/\/www.nosetonose.info\/pl\/wp-json\/wp\/v2\/types\/page"}],"author":[{"embeddable":true,"href":"https:\/\/www.nosetonose.info\/pl\/wp-json\/wp\/v2\/users\/2"}],"replies":[{"embeddable":true,"href":"https:\/\/www.nosetonose.info\/pl\/wp-json\/wp\/v2\/comments?post=54"}],"version-history":[{"count":24,"href":"https:\/\/www.nosetonose.info\/pl\/wp-json\/wp\/v2\/pages\/54\/revisions"}],"predecessor-version":[{"id":777,"href":"https:\/\/www.nosetonose.info\/pl\/wp-json\/wp\/v2\/pages\/54\/revisions\/777"}],"wp:attachment":[{"href":"https:\/\/www.nosetonose.info\/pl\/wp-json\/wp\/v2\/media?parent=54"}],"curies":[{"name":"wp","href":"https:\/\/api.w.org\/{rel}","templated":true}]}}