{"id":106,"date":"2014-11-21T11:31:30","date_gmt":"2014-11-21T11:31:30","guid":{"rendered":"http:\/\/www.nosetonose.info\/ie\/?page_id=106"},"modified":"2025-02-26T13:04:00","modified_gmt":"2025-02-26T12:04:00","slug":"home-4","status":"publish","type":"page","link":"https:\/\/www.nosetonose.info\/pl\/","title":{"rendered":"POCZ\u0104TEK"},"content":{"rendered":"<h1 style=\"text-align: left;\">Nose to Nose Polska<\/h1>\n<h2>Odkryj w Sobie Klauna<br \/>\n<img decoding=\"async\" loading=\"lazy\" class=\"wp-image-10 size-full alignright\" src=\"https:\/\/www.nosetonose.info\/pl\/wp-content\/uploads\/2014\/11\/mexicans.jpg\" alt=\"\" width=\"181\" height=\"188\" \/><\/h2>\n<p class=\"p1\">Utworzony w 1990 roku, Nose to Nose \u0142\u0105czy nasze r\u00f3\u017cnorodne do\u015bwiadczenia w dziedzinie teatru, budowania spo\u0142eczno\u015bci, nauczania, opowiadania historii, terapii zabaw\u0105, poradnictwa, potrzeb specjalnych i doradztwa organizacyjnego. Nasz wp\u0142yw i wykszta\u0142cenie obejmuj\u0105 Bataclown (Francja) i Sacred Art of Clowning, a tak\u017ce Theatre of Now Jonathana Kaya i Roy Hart Theatre.<\/p>\n<p class=\"p1\">Obejrzyj film o naszej pracy:<\/p>\n<p><a href=\"https:\/\/youtu.be\/OF1cRWXyvL8\">Nose to Nose movie<\/a><\/p>\n<p class=\"p1\">Dzi\u0119ki klaunowi mo\u017cemy odkry\u0107 w sobie cechy otwarto\u015bci, spontaniczno\u015bci i zabawy. Klaun pozwala naszej wyobra\u017ani wznie\u015b\u0107 si\u0119 w g\u00f3r\u0119 i jednocze\u015bnie twardo st\u0105pa\u0107 po ziemi. Pracuj\u0105c na pustej scenie, poprzez improwizacj\u0119, zabaw\u0119 i akceptacj\u0119 wszystkiego, co si\u0119 pojawi, odnajdujemy swoich wewn\u0119trznych klaun\u00f3w.<\/p>\n<h2 class=\"p1\">Co si\u0119 dzieje w czasie warsztat\u00f3w<\/h2>\n<p class=\"p1\">Pracujemy w grupie nie wi\u0119kszej ni\u017c 12 os\u00f3b. Rozgrzewk\u0119 zaczynamy od zabaw, \u0107wicze\u0144 wokalnych i ruchowych. Nast\u0119pnie przyst\u0119pujemy do improwizacji na scenie (samodzielnie lub z innymi). Ka\u017cda improwizacja jest omawiana w celu zidentyfikowania i wydobycia pozytywnych i wa\u017cnych aspekt\u00f3w naszego klauna.<\/p>\n<p class=\"p1\">Odbywa si\u0119 to z trosk\u0105 i szacunkiem dla ka\u017cdej osoby oraz w ramach zasad zapewniaj\u0105cych bezpieczne i przyjazne podej\u015bcie.<\/p>\n<h2 class=\"p1\">Zapisz si\u0119 na nasz\u0105 list\u0119 mailingow\u0105<\/h2>\n<p class=\"p1\">* wskazuje wymagane<\/p>\n<p class=\"p1\">Adres e-mail<\/p>\n<div id=\"mc_embed_signup\">\n<form id=\"mc-embedded-subscribe-form\" class=\"validate\" action=\"\/\/nosetonose.us12.list-manage.com\/subscribe\/post?u=a6b6df63c18e76f16e939a26f&amp;id=8d71384bb9\" method=\"post\" name=\"mc-embedded-subscribe-form\" novalidate=\"\" target=\"_blank\">\n<div id=\"mc_embed_signup_scroll\">\n<div class=\"mc-field-group\"><input id=\"mce-EMAIL\" class=\"required email\" name=\"EMAIL\" type=\"email\" value=\"\" \/><\/p>\n<div style=\"position: relative !important; height: 0px !important; width: 0px !important; float: left !important;\" data-lastpass-icon-root=\"\"><\/div>\n<\/div>\n<div class=\"mc-field-group\"><label for=\"mce-NAME\">Name <span class=\"asterisk\">*<\/span><br \/>\n<\/label><br \/>\n<input id=\"mce-NAME\" class=\"required\" name=\"NAME\" type=\"text\" value=\"\" \/><\/div>\n<div id=\"mce-responses\" class=\"clear\"><\/div>\n<p><!-- real people should not fill this in and expect good things - do not remove this or risk form bot signups--><\/p>\n<div style=\"position: absolute; left: -5000px;\"><input tabindex=\"-1\" name=\"b_a6b6df63c18e76f16e939a26f_8d71384bb9\" type=\"text\" value=\"\" \/><\/div>\n<div class=\"clear\"><input id=\"mc-embedded-subscribe\" class=\"button\" name=\"subscribe\" type=\"submit\" value=\"Subscribe\" \/><\/div>\n<\/div>\n<\/form>\n<\/div>\n<p><script src=\"\/\/s3.amazonaws.com\/downloads.mailchimp.com\/js\/mc-validate.js\" type=\"text\/javascript\"><\/script><script type=\"text\/javascript\">\/\/ <![CDATA[\n(function($) {window.fnames = new Array(); window.ftypes = new Array();fnames[0]='EMAIL';ftypes[0]='email';fnames[1]='NAME';ftypes[1]='text';}(jQuery));var $mcj = jQuery.noConflict(true);<br \/>\n\/\/ ]]><\/script><br \/>\n<!--End mc_embed_signup--><\/p>\n","protected":false},"excerpt":{"rendered":"<p>Nose to Nose Polska Odkryj w Sobie Klauna Utworzony w 1990 roku, Nose to Nose \u0142\u0105czy nasze r\u00f3\u017cnorodne do\u015bwiadczenia w dziedzinie teatru, budowania spo\u0142eczno\u015bci, nauczania, opowiadania historii, terapii zabaw\u0105, poradnictwa, potrzeb specjalnych i doradztwa organizacyjnego. Nasz wp\u0142yw i wykszta\u0142cenie obejmuj\u0105 Bataclown (Francja) i Sacred Art of Clowning, a tak\u017ce Theatre of Now Jonathana Kaya i [&hellip;]<\/p>\n","protected":false},"author":2,"featured_media":0,"parent":0,"menu_order":0,"comment_status":"closed","ping_status":"closed","template":"","meta":[],"_links":{"self":[{"href":"https:\/\/www.nosetonose.info\/pl\/wp-json\/wp\/v2\/pages\/106"}],"collection":[{"href":"https:\/\/www.nosetonose.info\/pl\/wp-json\/wp\/v2\/pages"}],"about":[{"href":"https:\/\/www.nosetonose.info\/pl\/wp-json\/wp\/v2\/types\/page"}],"author":[{"embeddable":true,"href":"https:\/\/www.nosetonose.info\/pl\/wp-json\/wp\/v2\/users\/2"}],"replies":[{"embeddable":true,"href":"https:\/\/www.nosetonose.info\/pl\/wp-json\/wp\/v2\/comments?post=106"}],"version-history":[{"count":95,"href":"https:\/\/www.nosetonose.info\/pl\/wp-json\/wp\/v2\/pages\/106\/revisions"}],"predecessor-version":[{"id":781,"href":"https:\/\/www.nosetonose.info\/pl\/wp-json\/wp\/v2\/pages\/106\/revisions\/781"}],"wp:attachment":[{"href":"https:\/\/www.nosetonose.info\/pl\/wp-json\/wp\/v2\/media?parent=106"}],"curies":[{"name":"wp","href":"https:\/\/api.w.org\/{rel}","templated":true}]}}