{"id":93,"date":"2014-12-28T11:12:39","date_gmt":"2014-12-28T10:12:39","guid":{"rendered":"http:\/\/www.nosetonose.info\/it\/?page_id=93"},"modified":"2016-04-25T15:18:38","modified_gmt":"2016-04-25T13:18:38","slug":"metodo","status":"publish","type":"page","link":"https:\/\/www.nosetonose.info\/it\/metodo","title":{"rendered":"METODO"},"content":{"rendered":"<h2><a href=\"http:\/\/www.nosetonose.info\/it\/wp-content\/uploads\/2014\/12\/netcatching.jpg\"><img decoding=\"async\" loading=\"lazy\" class=\"alignright\" src=\"http:\/\/www.nosetonose.info\/it\/wp-content\/uploads\/2014\/12\/netcatching.jpg\" alt=\"netcatching\" width=\"192\" height=\"472\" \/><\/a>METODO<\/h2>\n<p>L&#8217;approccio al clowning di Nose to Nose che si \u00e8 sviluppato e che portiamo nei nostri workshop presenta degli echi importanti nel campo della crescita personale e sociale. Accogliamo persone che vengono da varie background professionali e sociali, di tutte le et\u00e0, con o senza esperienza nel teatro.<\/p>\n<p>Come formatori, noi crediamo di rimanere fedeli allo spirito del clowning, \u00a0assecondando il processo creativo di ognuno, in modo da incoraggiare la propria espressivit\u00e0 emotiva e il fiorire dell&#8217;immaginazione. Aiutiamo i partecipanti a trovare il proprio clown, unico e in sintonia con se stesso e con il pubblico.<\/p>\n<p>Noi crediamo che focalizzandoci su quello che siamo e andando direttamente al cuore del clowning consentiamo la ricerca dell&#8217;autenticit\u00e0 sia nella dimensione sociale che personale della nostra vita.<\/p>\n<p>Molti continuano a lavorare con noi in quanto trovano che la libert\u00e0 e la giocosit\u00e0 che offre questo tipo di lavoro sia molto importante per le loro vite.<\/p>\n<h2>COME SI SVOLGE UN LABORATORIO?<\/h2>\n<p>Lavoriamo con un massimo di 12 persone. Cominciamo riscaldandoci con giochi ed esercizi vocali e fisici e procediamo con improvvisazioni sul palcoscenico da soli o con altri. Successivamente riflettiamo sul quello che abbiamo fatto per identificare e sollecitare gli aspetti positivi importanti del nostro Clown e come lui o lei vive in noi.<\/p>\n<p>Tutto questo viene fatto con cura e rispetto per ogni individuo e il suo sentire, all&#8217;intero di una cornice di regole che assicura un ambiente protetto e accogliente.<\/p>\n<h2>IL CLOWN DENTRO<\/h2>\n<p>Il naso rosso del Clown, la maschera pi\u00f9 piccolo del mondo, \u00e8 la maschera che smaschera. \u00a0E&#8217; attraverso il Clown che possiamo scoprire le nostre qualit\u00e0 interiori di apertura, spontaneit\u00e0 e giocosit\u00e0, accettando e accogliendo tutto ci\u00f2 che emerge. Pur restando sempre con i piedi per terra, il Clown permette alla nostra fantasia di volare.<\/p>\n<h2>LIVELLI DI AVANZAMENTO IN NOSE TO NOSE<\/h2>\n<p lang=\"it-IT\"><span style=\"color: #8d5a1a;\"><span style=\"font-family: Georgia, serif;\"><span style=\"font-size: x-large;\">Livello 1<\/span><\/span><\/span><\/p>\n<p lang=\"it-IT\"><span style=\"color: #000000;\"><span style=\"font-family: Verdana, sans-serif;\"><span style=\"font-size: medium;\">Il primo livello permette di acquisire le basi del clowning nella sua autenticit\u00e0. Alimenta il proprio modo di essere clown, attraverso l&#8217;ascolto e la disponibilit\u00e0.<br \/>\nLa semplicit\u00e0 e lo spirito del lavoro svolto in questo livello, fanno s\u00ec che i partecipanti continuino a tornare anno dopo anno. Entrando in contatto con il nostro spirito giocoso, sviluppiamo e sosteniamo, in noi stessi e negli altri, la coscienza di essere chi siamo veramente e di fidarci di noi stessi e della vita. Inoltre viene alimentato il processo di introspezione, ed \u00e8 un&#8217;occasione per poter sconfiggere le paure che ostacolano l&#8217;essere completamente presenti nel \u201cQui e Ora\u201d.<\/span><\/span><\/span><\/p>\n<p lang=\"it-IT\"><span style=\"color: #8d5a1a;\"><span style=\"font-family: Georgia, serif;\"><span style=\"font-size: x-large;\">Livello 2<\/span><\/span><\/span><\/p>\n<p lang=\"it-IT\"><span style=\"color: #000000;\"><span style=\"font-family: Verdana, sans-serif;\"><span style=\"font-size: medium;\">Il secondo livello si concentra sulla struttura e le relazioni. Gli aspetti pi\u00f9 impegnativi di questo livello sono dati dal bisogno di esercitare la consapevolezza e la reattivit\u00e0 nei confronti del proprio partner presente sul palco con noi, delle immagini, delle storie e dei personaggi che emergono durante l&#8217;improvvisazione e non per ultimo\u00a0nei confronti del pubblico.<\/span><\/span><\/span><\/p>\n<p lang=\"it-IT\"><span style=\"color: #000000;\"><span style=\"font-family: Verdana, sans-serif;\"><span style=\"font-size: medium;\">In questo livello il metodo di insegnamento si concentra nel trovare maggiore introspezione nella comprensione delle tecniche di improvvisazione e interpretazione. Inoltre, nuove strutture e nuovi temi si traducono in maggiori sfide e rigore all&#8217;interno delle improvvisazioni.<\/span><\/span><\/span><\/p>\n<p lang=\"it-IT\"><span style=\"color: #8d5a1a;\"><span style=\"font-family: Georgia, serif;\"><span style=\"font-size: x-large;\">Livello 3<\/span><\/span><\/span><\/p>\n<p lang=\"it-IT\"><span style=\"color: #000000;\"><span style=\"font-family: Verdana, sans-serif;\"><span style=\"font-size: medium;\">Il terzo livello del corso mette sotto una nuova luce le improvvisazioni, concentrandosi sulle numerose strategie che usiamo per evitare gli errori. Questa parte mette in maggior risalto le tecniche teatrali e di improvvisazione e potr\u00e0 sembrare molto diverso dai livelli precedenti. Per esempio, le improvvisazioni sono ripetute per portare l&#8217;attore a lavorare in aree meno conosciute e\/o comode.<\/span><\/span><\/span><\/p>\n<p lang=\"it-IT\"><span style=\"color: #000000;\"><span style=\"font-family: Verdana, sans-serif;\"><span style=\"font-size: medium;\">Il livello 3 permette di avanzare di un passo verso la performance.<\/span><\/span><\/span><\/p>\n<h2><\/h2>\n","protected":false},"excerpt":{"rendered":"<p>METODO L&#8217;approccio al clowning di Nose to Nose che si \u00e8 sviluppato e che portiamo nei nostri workshop presenta degli echi importanti nel campo della crescita personale e sociale. Accogliamo persone che vengono da varie background professionali e sociali, di tutte le et\u00e0, con o senza esperienza nel teatro. Come formatori, noi crediamo di rimanere [&hellip;]<\/p>\n","protected":false},"author":2,"featured_media":0,"parent":0,"menu_order":0,"comment_status":"open","ping_status":"open","template":"","meta":[],"_links":{"self":[{"href":"https:\/\/www.nosetonose.info\/it\/wp-json\/wp\/v2\/pages\/93"}],"collection":[{"href":"https:\/\/www.nosetonose.info\/it\/wp-json\/wp\/v2\/pages"}],"about":[{"href":"https:\/\/www.nosetonose.info\/it\/wp-json\/wp\/v2\/types\/page"}],"author":[{"embeddable":true,"href":"https:\/\/www.nosetonose.info\/it\/wp-json\/wp\/v2\/users\/2"}],"replies":[{"embeddable":true,"href":"https:\/\/www.nosetonose.info\/it\/wp-json\/wp\/v2\/comments?post=93"}],"version-history":[{"count":14,"href":"https:\/\/www.nosetonose.info\/it\/wp-json\/wp\/v2\/pages\/93\/revisions"}],"predecessor-version":[{"id":383,"href":"https:\/\/www.nosetonose.info\/it\/wp-json\/wp\/v2\/pages\/93\/revisions\/383"}],"wp:attachment":[{"href":"https:\/\/www.nosetonose.info\/it\/wp-json\/wp\/v2\/media?parent=93"}],"curies":[{"name":"wp","href":"https:\/\/api.w.org\/{rel}","templated":true}]}}