{"id":16,"date":"2014-12-08T15:44:06","date_gmt":"2014-12-08T15:44:06","guid":{"rendered":"http:\/\/www.nosetonose.info\/it\/?page_id=16"},"modified":"2026-01-29T15:49:22","modified_gmt":"2026-01-29T14:49:22","slug":"home","status":"publish","type":"page","link":"https:\/\/www.nosetonose.info\/it\/","title":{"rendered":"Home"},"content":{"rendered":"\n<p><\/p>\n\n\n<div class=\"wp-block-image\">\n<figure class=\"alignleft\"><img decoding=\"async\" src=\"https:\/\/nosetonose.info\/na\/wp-content\/uploads\/2018\/12\/il_fullxfull.314791555.jpg\" alt=\"\"\/><\/figure><\/div>\n\n\n<p><a href=\"https:\/\/www.nosetonose.info\/uk\/events\/celebrating-not-knowing-a-joyful-retreat-for-accessing-grounding-lightness-and-wisdom-in-our-chaotic-world-peredur-uk\">CELEBRATING NOT KNOWING: A Joyful Retreat for Accessing Grounding, Lightness, and Wisdom in Our Chaotic World&nbsp;<\/a><\/p>\n\n\n\n<p>\u201cCelebrating Not Knowing\u201d is a five-day immersive retreat that invites participants to explore personal, social, and systemic transformation through three unique but interconnected modalities: Social Presencing Theater (SPT), Clowning, and Courage &amp; Renewal Practices.<\/p>\n\n\n\n<p><em><br>Peredur, East Grinstead, UK \u2013&nbsp;<\/em><em>26-31 July 2026<br>with Arawana Hayashi, Vivian Gladwell, and Penny Williamson<\/em><\/p>\n\n\n\n<p>&#8212;&#8212;&#8212;&#8212;&#8212;&#8212;&#8212;&#8212;&#8212;&#8212;&#8212;&#8212;&#8212;&#8212;&#8212;&#8212;&#8212;&#8212;&#8212;&#8212;&#8212;&#8212;&#8212;&#8212;&#8212;&#8212;&#8212;&#8212;&#8212;&#8212;&#8212;&#8212;&#8212;&#8212;&#8212;&#8212;&#8212;&#8212;-<\/p>\n\n\n\n<p class=\"has-text-align-center\">IL PROSSIMO WORKSHOP SARA&#8217; DOMENICA 5 OTTOBRE 2025<\/p>\n\n\n\n<p class=\"has-text-align-center\"> Un Incontro fra Clowning &amp; Feldenkrais &#8211; entrare dentro per uscire fuori<\/p>\n\n\n\n<p class=\"has-text-align-center\">Per info scrivete christinemacri@nosetonose.info o chris60mc@gmail.com<\/p>\n\n\n\n<figure class=\"wp-block-image size-full\"><a href=\"https:\/\/www.nosetonose.info\/it\/wp-content\/uploads\/2025\/09\/image.png\"><img decoding=\"async\" loading=\"lazy\" width=\"537\" height=\"829\" src=\"https:\/\/www.nosetonose.info\/it\/wp-content\/uploads\/2025\/09\/image.png\" alt=\"\" class=\"wp-image-849\" srcset=\"https:\/\/www.nosetonose.info\/it\/wp-content\/uploads\/2025\/09\/image.png 537w, https:\/\/www.nosetonose.info\/it\/wp-content\/uploads\/2025\/09\/image-194x300.png 194w\" sizes=\"(max-width: 537px) 100vw, 537px\" \/><\/a><\/figure>\n\n\n<h1 style=\"text-align: left;\">&nbsp;<\/h1>\n<h1 style=\"text-align: center;\"><span style=\"color: #3366ff;\"><strong>CORSI DI CLOWN in ITALIA<br><\/strong><strong>CLOWNING WORKSHOPS in ITALY<\/strong><\/span><\/h1>\n<p><a class=\"docs-creator\" href=\"https:\/\/www.nosetonose.info\/it\/wp-content\/uploads\/2014\/12\/looking.jpg\"><img decoding=\"async\" loading=\"lazy\" class=\"wp-image-23 alignleft\" src=\"https:\/\/www.nosetonose.info\/it\/wp-content\/uploads\/2014\/12\/looking.jpg\" alt=\"\" width=\"244\" height=\"241\"><\/a>Nose to Nose \u00e8 nato nel 1990 nel Regno Unito e porta le diverse esperienze nei campi del teatro, socializzazione, insegnamento, storytelling, play therapy, tutoraggio, bisogni speciali e consulenza aziendale.<\/p>\n<p>In Italia NOSE TO NOSE esiste dal 2000, ma \u00e8 solo dal 2009 che nasce a Bologna, quando un gruppo di persone (insegnanti, attrici e altro), dopo aver partecipato a numerosi workshops e ad un percorso di formazione con alcuni dei docenti fondatori di NOSE TO NOSE, hanno deciso di diffondere e proseguire l\u2019esperienza entusiasmante che si rinnova ad ogni incontro.<\/p>\n<p><span style=\"font-size: 21px;\"><a class=\"docs-creator\" href=\"https:\/\/www.nosetonose.info\/uk\/events\/intercultural-clowning-near-florence-italy\"><b>CLOWN INTERCULTURALE vicino a Bologna, Italia<\/b><b><br><\/b><b>1-6 GIUGNO 2025<\/b><b><br><\/b><b>6 giorni residenziali \u2013 corso tenuto in inglese e italiano.<\/b><\/a><\/span><\/p>\n<p><span style=\"font-size: 21px;\"><strong>JUNE 1 to 6, 2025<\/strong><\/span><br><span style=\"font-size: 21px;\"><strong>6 day residential &#8211; taught in English and Italian.<\/strong><\/span><\/p>\n<p><span style=\"font-size: 21px;\"><strong>COURSE DESCRIPTION<\/strong><\/span><\/p>\n<h3><a class=\"docs-creator\" href=\"https:\/\/www.nosetonose.info\/uk\/wp-content\/uploads\/2024\/12\/esterno7.jpg\"><img decoding=\"async\" loading=\"lazy\" class=\"alignright wp-image-1719\" src=\"https:\/\/www.nosetonose.info\/uk\/wp-content\/uploads\/2024\/12\/esterno7-300x199.jpg\" alt=\"\" width=\"412\" height=\"273\"><\/a><\/h3>\n<p>This course offers the opportunity for five English speaking participants (previously from Germany, UK and the US) to join five Italian participants to explore and celebrate their cultural differences through clowning. Expect good food, human warmth, laughter and late nights. The playfulness and authenticity of clowning offers a safe and fun way to meet with what is new and unfamiliar in our lives. Discover aspects of Italian life and culture which no travelling or tourism could offer.<\/p>\n<p><span style=\"font-weight: 400;\">This course is highly recommended to people with or without experience. The experience of working in Italy makes it unlike any other clown courses&nbsp; \u2013 and many keep coming back year after year. The workshop is set in Bologna\u2019s hillsides in the beautiful region of Emilia Romagna.<\/span><\/p>\n<p><span style=\"font-weight: 400;\">The course is limited to 10 people<\/span><\/p>\n<p><span style=\"font-size: 21px;\"><strong>DESCRIZIONE DEL CORSO<\/strong><\/span><\/p>\n<p>Il corso offre la possibilit\u00e0 a 5 partecipanti di lingua inglese (dal Regno Unito, Germania e Stati Uniti ecc.) di incontrarsi con altri 5 partecipanti di lingua italiana per esplorare e celebrare le differenze culturali attraverso il Clowning.<span class=\"Apple-converted-space\">&nbsp; <\/span>Il tutto condito da buon cibo, canti e musica, calore umano, risate e lunghe serate in compagnia. Il potere del gioco insieme all&#8217;autenticit\u00e0 del clowning vi offrir\u00e0, in un ambiente rilassato e divertente, il modo di incontrare il nuovo e lo sconosciuto delle nostre vite. Si potranno scoprire aspetti della vita e della cultura italiana che il tipico progetto di turismo non riesce ad offrire.<\/p>\n<p>Questo corso \u00e8 raccomandato a persone con o senza esperienza. L&#8217;esperienza di lavorare in Italia rende questo opportunit\u00e0 diversa da qualunque altra &#8211; \u00e8 tanti ritornano a ripetere l&#8217;esperienza. Il corso si svolge nelle suggestive colline attorno la citt\u00e0 di Bologna nella regione di Emilia Romagna.<\/p>\n<p>Il percorso \u00e8 limitato a 10 persone<\/p>\n<p><span style=\"font-weight: 400;\"><strong>FACILITATORS<\/strong>: Vivian Gladwell &#8211; Christine Macri<\/span><\/p>\n<h2><b>Vivian Gladwell<\/b><\/h2>\n<p><span style=\"font-weight: 400;\"><a class=\"docs-creator\" href=\"https:\/\/www.nosetonose.info\/it\/wp-content\/uploads\/2024\/12\/Vivian-close-2.jpg\"><img decoding=\"async\" loading=\"lazy\" class=\"wp-image-819 alignleft\" src=\"https:\/\/www.nosetonose.info\/it\/wp-content\/uploads\/2024\/12\/Vivian-close-2.jpg\" alt=\"\" width=\"384\" height=\"256\" srcset=\"https:\/\/www.nosetonose.info\/it\/wp-content\/uploads\/2024\/12\/Vivian-close-2.jpg 1200w, https:\/\/www.nosetonose.info\/it\/wp-content\/uploads\/2024\/12\/Vivian-close-2-300x200.jpg 300w, https:\/\/www.nosetonose.info\/it\/wp-content\/uploads\/2024\/12\/Vivian-close-2-1024x683.jpg 1024w, https:\/\/www.nosetonose.info\/it\/wp-content\/uploads\/2024\/12\/Vivian-close-2-768x512.jpg 768w\" sizes=\"(max-width: 384px) 100vw, 384px\" \/><\/a>Vivian \u00e8 fondatore e direttore di Nose to Nose. Ha condotto centinaia di laboratori in tutto il mondo. Vive nel Regno Unito e in Francia, dove nel 1978 ha incominciato a fare&nbsp; Clowning. Parla fluentemente sia inglese che francese.<\/span><\/p>\n<p><span style=\"font-weight: 400;\">Vivian ha iniziato l\u2019insegnamento nel 1988, durante il Lifeways Festival all\u2019Emerson College \u2013 UK.&nbsp; Si \u00e8 formato come facilitatore con il <\/span><b>Bataclown <\/b><span style=\"font-weight: 400;\">nel 1990 e si \u00e8 unito a loro nel 1991, lavorando anche come un&nbsp; \u201cmoderno giullare di Corte\u201d(<\/span><b>Clownanalyst<\/b><span style=\"font-weight: 400;\">).<\/span><\/p>\n<p><span style=\"font-weight: 400;\">Ha creato <\/span><b>Nose to Nose UK <\/b><span style=\"font-weight: 400;\">nel 1990, <\/span><b>Nose to Nose of North America <\/b><span style=\"font-weight: 400;\">nel 2006 and <\/span><b>Fool View, <\/b><span style=\"font-weight: 400;\">il gruppo di Clowning sociale. Ha formato facilitatori inl UK, USA, Germania e Italia \u2013 (<\/span><i><span style=\"font-weight: 400;\">view history<\/span><\/i><span style=\"font-weight: 400;\">). Oggi continua&nbsp; la sua attivit\u00e0 di ambasciatore nel ricercare le applicazioni del Clowning in vari contesti, quali la formazione agli insegnanti, la medicina e le professioni mediche, la risoluzione dei conflitti, l\u2019ecologia e lavoro interculturale in molti paesi (Sud Africa, USA, Senegal, Vietnam, India, Malaysia, Italia, Germania, Norvegia\u2026)<\/span><\/p>\n<p><span style=\"font-weight: 400;\">Considera il Clowning un cortile da gioco sociale per l\u2019esplorazione della nostra umanit\u00e0.<\/span><\/p>\n<h2><b><a class=\"docs-creator\" href=\"https:\/\/www.nosetonose.info\/it\/wp-content\/uploads\/2014\/12\/Chris.jpg\"><img decoding=\"async\" loading=\"lazy\" class=\"alignright size-full wp-image-140\" src=\"https:\/\/www.nosetonose.info\/it\/wp-content\/uploads\/2014\/12\/Chris.jpg\" alt=\"\" width=\"331\" height=\"351\" srcset=\"https:\/\/www.nosetonose.info\/it\/wp-content\/uploads\/2014\/12\/Chris.jpg 331w, https:\/\/www.nosetonose.info\/it\/wp-content\/uploads\/2014\/12\/Chris-283x300.jpg 283w\" sizes=\"(max-width: 331px) 100vw, 331px\" \/><\/a>Christine Marie Macri<\/b><\/h2>\n<p><span style=\"font-weight: 400;\">Christine Macri, nata a Harrisburg, Pennsylvania, USA nel 1960. Laureata alla Miami University, Ohio; Bachelor of Arts con specializzazione in psicologia nell\u2019et\u00e0 evolutiva. Oltre trent\u2019anni di lavoro nell\u2019arte dell\u2019 insegnamento della lingua inglese a tutte le et\u00e0 da 0 a 99 anni, esperienze alternative al classico modo di formazione. Insegnante presso le scuole dell\u2019Associazione per la Pedagogia Steineriana di Bologna per 20 anni. Coordinatrice di seminari nazionali ed internazionali e formatrice nel campo dell\u2019 arte di insegnamento delle lingue straniere dal 2012 al 2017 per le Scuole Waldorf Italia.<\/span><\/p>\n<p><span style=\"font-weight: 400;\">Si interessa al Clowning dal 2007 e comincia nello stesso anno ad organizzare e a partecipare ad una serie di laboratori di Clowning per adulti e ragazzi. Ha studiato l\u2019arte del teatro e del Clowning con il&nbsp; maestro Robert McNeer, fondatore dell\u2019associazione, \u201cLa Luna nel Pozzo\u201d che promuove il teatro e l\u2019arte del Clown anche come esperienza e terapia per i disabili. Ha collaborato con Patrizia Krauss \u2013 Clown, Mime e Ballerina Statunitense, 2011\/2012.<\/span><span style=\"font-weight: 400;\"><br><\/span><span style=\"font-weight: 400;\">A gennaio di 2012 inizia la formazione per approfondire l\u2019argomento del clown, diventando facilitatore progettando e conducendo diversi laboratori insieme a Vivian Gladwell, fondatore di Nose to Nose.&nbsp; E\u2019 Coordinatrice di Nose to Nose Italia dal 2012.&nbsp;&nbsp;<\/span><\/p>\n<p><span style=\"font-weight: 400;\">Ha participato nel 2023 in collaborazione con \u201cThe Hands Up Project\u201d nel progetto di Remote Theatre (teatro da remoto) producendo un cortometraggio da remoto assieme ad un gruppo internazionale di ragazzi tra i 12 ed i 14 anni.<\/span><\/p>\n<p><span style=\"font-weight: 400;\">Perch\u00e9 il clown \u00e8 puramente un educatore, l\u2019esperienza del clowning viene riportata non solo nei percorsi didattico formativi espressivi nell\u2019insegnamento della lingua ma anche praticato conducendo laboratori di clowning per adulti, ragazzi e famiglie con Nose to Nose Italia.<\/span><\/p>\n<p><\/p>\n<p><strong>THE VENUE<\/strong><span style=\"font-weight: 400;\"><br><\/span><span style=\"font-weight: 400;\">The venue is 27 km south of the city of&nbsp; Bologna and <\/span><span style=\"font-weight: 400;\">about 28 minutes <\/span><b>by car from Bologna\u2019s airport<\/b><span style=\"font-weight: 400;\"> (Guglielmo Marconi), and trains commute from the city center to the nearby city of Sasso Maconi every 30 minutes.<\/span><span style=\"font-weight: 400;\"> Immersed in a mediaeval village with a panoramic view of Bologna&#8217;s rolling hillsides. Known for its setting and for its hospitality, the center is ideal for rest relaxation and artistic activities such as reunions and other retreats.<\/span><\/p>\n<p><span style=\"font-size: 14px;\"><strong>IL LOCALE<\/strong><\/span><\/p>\n<p>La Torre di Jano \u00e8 situato 27km dalla citt\u00e0 di Bologna, circa 28 minuti in auto dall&#8217;aeroporto di Bologna (Guglielmo Marconi), e i treni percorrono dalla stazione centrale di Bologna alla cittadina di Sasso Marconi ogni 30 minuti. La struttura \u00e8 immersa in un borgo medievale nelle panoramiche colline attorno la citt\u00e0. Conosciuto per il suo ambiente e la sua ospitalit\u00e0, il locale \u00e8 ideale per riunioni, attivit\u00e0 artistiche e altri eventi.<\/p>\n<p><a class=\"docs-creator\" href=\"https:\/\/www.torredijano.it\/torredijano\/ristorante-en\/\"><span style=\"font-weight: 400;\">See the venue<\/span><\/a><\/p>\n<p><strong>DATES AND TIMES:<\/strong> June 1 to 6, 2025<br>Sunday &#8211; dinner &#8211; 18:30 &#8211; Evening session &#8211; 19:30 = 21:00<br>Monday 9:00 &#8211; 12:30 lunch 15:00 &#8211; 18:30<br>Tuesday &#8211; Wednesday &#8211; Thursday 9:00 &#8211; 12:30 lunch 15:00 &#8211; 16:30<br>evening sharing 19:30 &#8211; 21:00<br>Friday 9:00 &#8211; 12:30 lunch<\/p>\n<p><strong>FEE (TUITION ONLY)<\/strong><b>: <\/b><span style=\"font-weight: 400;\">520 EUR \u2013 (10 places)&nbsp;<\/span><i><span style=\"font-weight: 400;\"><br><\/span><\/i><span style=\"color: #ff0000;\"><strong>EARLY BIRD <\/strong><\/span>&#8211; 475 EUR<strong> <span style=\"color: #ff0000;\">if paid before 1 April 2025<\/span><\/strong><\/p>\n<p><strong>DEPOSIT<\/strong><span style=\"font-weight: 400;\">\u2013 200 EUR deposit secures your place.<br><span style=\"color: #ff0000;\"><strong>Note<\/strong><\/span> &#8211; Deposit is non-returnable if you cancel after 1 April 2025<\/span><\/p>\n<p><span style=\"font-weight: 400;\"><strong>ACCOMMODATION AND MEALS:<\/strong><br><\/span><\/p>\n<ul>\n<li>Shared room for two and all meals <i>excluding wine and alcohol (to be paid directly to the venue on arrival)<br><\/i><strong>450 EUROS for 5 nights<\/strong><\/li>\n<li>Single room and all meals <i>excluding wine and alcohol (to be paid directly to the venue on arrival)<br><\/i><strong>600 EUROS for 5 nights<\/strong><\/li>\n<\/ul>\n<p>8 SINGLE BEDROOMS &#8211; 6 SHARED ROOMS<br>Group limited to 10 people<\/p>\n<p><span style=\"font-weight: 400;\"><strong>DEPOSIT<\/strong>: 200 EUROS &#8211; Deposit is non-returnable if you cancel after 1 April 2025<\/span><\/p>\n<p><b>TO BOOK <\/b>your place <span style=\"font-weight: 400;\">for the course, simply click on the link below and pay your deposit of 200 EUROS with Paypal or a Bank Card below.<\/span><span style=\"font-weight: 400;\"><br><\/span><span style=\"font-weight: 400;\">Confirmation of payment from Paypal means you are signed up for the course<\/span><!--more--><!--more--><!--more--><\/p>\n<p><em>If full please email us at <a class=\"docs-creator\" href=\"mailto:christinemacri@nosetonose.info\" target=\"_blank\" rel=\"noopener\">christinemacri@nosetonose.info<\/a>&nbsp;to go on our waiting list. <\/em><br><em>We\u2019ll&nbsp;let you know when a place becomes available.<\/em><\/p>\n<p>YOUR QUESTIONS<\/p>\n<p><strong>Q: Can I talk to someone?<\/strong> <strong>A:<\/strong> If this is the first time you have worked with Nose to Nose, you might like to write or talk to us. Just send an email with your phone number to <a class=\"docs-creator\" href=\"mailto:christinemacri@nosetonose.info\" target=\"_blank\" rel=\"noopener\">christinemacri@nosetonose.info<\/a>&nbsp;and we\u2019ll call you as soon as possible.<\/p>\n<p><strong>Q: Are there still spaces available on the course? <\/strong><strong>A:<\/strong> To find out just click on the payment link above&nbsp;and you will see the &nbsp;number of places&nbsp;available. It will not be possible for you to book if there are no spaces available.<\/p>\n<p><strong>Q: Can you put me on the waiting list? <\/strong><strong>A:<\/strong> Sure, just write to <a class=\"docs-creator\" href=\"mailto:christinemacri@nosetonose.info\" target=\"_blank\" rel=\"noopener\">christinemacri@nosetonose.info<\/a>&nbsp;to ask. We will put you on our waiting list and let you know when a place becomes available.<\/p>\n<p>You will emailed further details<\/p>\n<p><b>Getting there:<br><\/b><a class=\"docs-creator\" href=\"https:\/\/www.torredijano.it\/torredijano\/contatti-en\/\">See map and instructions to get there<\/a><\/p>\n<hr>\n<p><span style=\"color: #3366ff;\">INCONTRIAMO IL NOSTRO CLOWN &#8211; PERCORSO ANNUALE<\/span><br><span style=\"color: #3366ff;\"><strong>8 Appuntamenti mensili, da settembre 2024 ad aprile 2025<\/strong><\/span><\/p>\n<p>Condotto da Christine Macri &amp;amp; Tita Ruggeri<br>Il sabato mattina dalle 10:30 alle 12:30<\/p>\n<p>-26 ottobre<br>-23 novembre<br>-14 dicembre<br>-18 gennaio<br>-22 febbraio<br>-22 marzo<br>-12 aprile<br>-3 maggio<\/p>\n<p>Un laboratorio per scoprire il grande valore del gioco e il beneficio di divertirsi. Ad ogni incontro si faranno tanti esercizi teatrali e di improvvisazione, che ci permetteranno di risvegliare il nostro Clown e di tenerlo con noi in ogni occasione. La finalit\u00e0 non sar\u00e0 quella di diventare comici professionisti, ma di coltivare una relazione con noi stessi che ci permetta di vivere con maggiore positivit\u00e0 e umanit\u00e0.<\/p>\n<p>Iscrizione &#8211; \u20ac200,00<\/p>\n<p>Bologna &#8211; Associazione Ru Yi &#8211; via Lame, 69<\/p>\n<p>Info e Adesioni:<br>chris60mc@gmail.com<\/p>\n<p><\/p>\n[apss_share]\n\n","protected":false},"excerpt":{"rendered":"<p>CELEBRATING NOT KNOWING: A Joyful Retreat for Accessing Grounding, Lightness, and Wisdom in Our Chaotic World&nbsp; \u201cCelebrating Not Knowing\u201d is a five-day immersive retreat that invites participants to explore personal, social, and systemic transformation through three unique but interconnected modalities: Social Presencing Theater (SPT), Clowning, and Courage &amp; Renewal Practices. Peredur, East Grinstead, UK \u2013&nbsp;26-31 [&hellip;]<\/p>\n","protected":false},"author":1,"featured_media":0,"parent":0,"menu_order":0,"comment_status":"open","ping_status":"open","template":"","meta":[],"_links":{"self":[{"href":"https:\/\/www.nosetonose.info\/it\/wp-json\/wp\/v2\/pages\/16"}],"collection":[{"href":"https:\/\/www.nosetonose.info\/it\/wp-json\/wp\/v2\/pages"}],"about":[{"href":"https:\/\/www.nosetonose.info\/it\/wp-json\/wp\/v2\/types\/page"}],"author":[{"embeddable":true,"href":"https:\/\/www.nosetonose.info\/it\/wp-json\/wp\/v2\/users\/1"}],"replies":[{"embeddable":true,"href":"https:\/\/www.nosetonose.info\/it\/wp-json\/wp\/v2\/comments?post=16"}],"version-history":[{"count":57,"href":"https:\/\/www.nosetonose.info\/it\/wp-json\/wp\/v2\/pages\/16\/revisions"}],"predecessor-version":[{"id":853,"href":"https:\/\/www.nosetonose.info\/it\/wp-json\/wp\/v2\/pages\/16\/revisions\/853"}],"wp:attachment":[{"href":"https:\/\/www.nosetonose.info\/it\/wp-json\/wp\/v2\/media?parent=16"}],"curies":[{"name":"wp","href":"https:\/\/api.w.org\/{rel}","templated":true}]}}