{"id":823,"date":"2016-11-06T11:10:20","date_gmt":"2016-11-06T10:10:20","guid":{"rendered":"http:\/\/www.nosetonose.info\/de\/?page_id=823"},"modified":"2016-11-06T11:13:01","modified_gmt":"2016-11-06T10:13:01","slug":"integration-with-heart","status":"publish","type":"page","link":"https:\/\/www.nosetonose.info\/de\/was\/integration-with-heart","title":{"rendered":"Integration with heart"},"content":{"rendered":"<p><a href=\"http:\/\/www.nosetonose.info\/de\/wp-content\/uploads\/2016\/11\/integration2.jpg\"><img decoding=\"async\" loading=\"lazy\" class=\"alignleft size-medium wp-image-824\" src=\"http:\/\/www.nosetonose.info\/de\/wp-content\/uploads\/2016\/11\/integration2-300x300.jpg\" alt=\"integration2\" width=\"300\" height=\"300\" srcset=\"https:\/\/www.nosetonose.info\/de\/wp-content\/uploads\/2016\/11\/integration2-300x300.jpg 300w, https:\/\/www.nosetonose.info\/de\/wp-content\/uploads\/2016\/11\/integration2-150x150.jpg 150w, https:\/\/www.nosetonose.info\/de\/wp-content\/uploads\/2016\/11\/integration2.jpg 347w\" sizes=\"(max-width: 300px) 100vw, 300px\" \/><\/a><\/p>\n<p>Angebot f\u00fcr Firmen, Unternehmen und Betriebe die Gefl\u00fcchteten neue Arbeitspl\u00e4tze bieten.<\/p>\n<p>In einem warmen zwischenmenschlichen Raum k\u00f6nnen Empathie und Wertsch\u00e4tzung entstehen-Vorraussetzung f\u00fcr eine gelingende Integration von neuen Mitarbeiter die in Deutschland Schutz suchen und eine neue Exsistenz aufbauen.<br \/>\nWir helfen durch unsere Modul Workshops Mitarbeiter zu sensibilisieren f\u00fcr den Integrationsprozess, Herausforderungen anzunehmen und zu einer gelingenden Kommunikation beizutragen.Durch Theater Clowning und Improvisation k\u00f6nnen Mitarbeiter f\u00fcr-und miteinander \u00fcber Sprach-und Kulturbarrieren hinaus sich kennenlernen,eine gemeinsame, herzliche Sprache finden.<br \/>\nMehr Infos: &#98;&#x65;r&#x6c;i&#x6e;&#64;&#110;&#x6f;&#115;&#x65;t&#x6f;n&#x6f;s&#101;&#x2e;d&#x65;<\/p>\n","protected":false},"excerpt":{"rendered":"<p>Angebot f\u00fcr Firmen, Unternehmen und Betriebe die Gefl\u00fcchteten neue Arbeitspl\u00e4tze bieten. In einem warmen zwischenmenschlichen Raum k\u00f6nnen Empathie und Wertsch\u00e4tzung entstehen-Vorraussetzung f\u00fcr eine gelingende Integration von neuen Mitarbeiter die in Deutschland Schutz suchen und eine neue Exsistenz aufbauen. Wir helfen durch unsere Modul Workshops Mitarbeiter zu sensibilisieren f\u00fcr den Integrationsprozess, Herausforderungen anzunehmen und zu einer [&hellip;]<\/p>\n","protected":false},"author":5,"featured_media":0,"parent":435,"menu_order":0,"comment_status":"closed","ping_status":"closed","template":"","meta":[],"_links":{"self":[{"href":"https:\/\/www.nosetonose.info\/de\/wp-json\/wp\/v2\/pages\/823"}],"collection":[{"href":"https:\/\/www.nosetonose.info\/de\/wp-json\/wp\/v2\/pages"}],"about":[{"href":"https:\/\/www.nosetonose.info\/de\/wp-json\/wp\/v2\/types\/page"}],"author":[{"embeddable":true,"href":"https:\/\/www.nosetonose.info\/de\/wp-json\/wp\/v2\/users\/5"}],"replies":[{"embeddable":true,"href":"https:\/\/www.nosetonose.info\/de\/wp-json\/wp\/v2\/comments?post=823"}],"version-history":[{"count":2,"href":"https:\/\/www.nosetonose.info\/de\/wp-json\/wp\/v2\/pages\/823\/revisions"}],"predecessor-version":[{"id":828,"href":"https:\/\/www.nosetonose.info\/de\/wp-json\/wp\/v2\/pages\/823\/revisions\/828"}],"up":[{"embeddable":true,"href":"https:\/\/www.nosetonose.info\/de\/wp-json\/wp\/v2\/pages\/435"}],"wp:attachment":[{"href":"https:\/\/www.nosetonose.info\/de\/wp-json\/wp\/v2\/media?parent=823"}],"curies":[{"name":"wp","href":"https:\/\/api.w.org\/{rel}","templated":true}]}}