{"id":560,"date":"2016-03-09T20:46:01","date_gmt":"2016-03-09T19:46:01","guid":{"rendered":"http:\/\/www.nosetonose.info\/de\/?page_id=560"},"modified":"2019-09-11T10:56:14","modified_gmt":"2019-09-11T08:56:14","slug":"burnout-prevention","status":"publish","type":"page","link":"https:\/\/www.nosetonose.info\/de\/burnout-prevention","title":{"rendered":"Burnout Prevention"},"content":{"rendered":"<h2><strong>PR\u00c4VENTIV UND HANDLUNGSORIENTIERT<\/strong><\/h2>\n<blockquote><p><a href=\"http:\/\/www.nosetonose.info\/de\/wp-content\/uploads\/2015\/02\/Der-vergessliche-Engel.jpg\"><img decoding=\"async\" loading=\"lazy\" class=\"wp-image-303 alignright\" src=\"http:\/\/www.nosetonose.info\/de\/wp-content\/uploads\/2015\/02\/Der-vergessliche-Engel.jpg\" alt=\"Der vergessliche Engel\" width=\"306\" height=\"410\" \/><\/a>Zunehmender Arbeitsdruck, private\u00a0und berufliche Doppelbelastung, grauer Arbeitsalltag, missverst\u00e4ndliche Kommunikation und fehlende Anerkennung sind beg\u00fcnstigende Faktoren f\u00fcr Burnout. Die v\u00f6llige Ersch\u00f6pfung kann jedoch vermieden werden, indem Sie lernen, die eigenen Ressourcen zu erkennen, zu entwickeln und optimal zu nutzen. Wir zeigen Ihnen, wie Sie mit qualiziertem Wissen und Handwerkszeug unter professioneller Spielerisch und leichter den\u00a0\u00a0\u00a0 Alltag bew\u00e4ltigen.<\/p>\n<p>Mit Spontanit\u00e4t und Einf\u00fchlungsverm\u00f6gen die eigenen spielerischen und kreativen Potentiale entdecken. St\u00e4rkung\u00a0der eigenen Wahrnehmung und Wertsch\u00e4tzung. Authentisch, pr\u00e4sent und humorvoll in der Kommunikation und im Handeln mit Klienten und Mitarbeitern sein. Die Herausforderungen des beruflichen Alltags mit neuer Leichtigkeit, Humor und Freude meistern. Sie lernen neue Handlungsm\u00f6glichkeiten zu entdecken: spielerisch durch Improvisation und mit Kreativit\u00e4t an stagnierende Situationen herangehen. Sie finden heitere Gelassenheit:im Spiel \u00fcben Sie Vertrauen und Akzeptanz. Die eigenen inneren St\u00e4rken werden mobilisiert um im Alltag vielf\u00e4ltige phantasievolle und auch divergierende L\u00f6sungen zu finden.<\/p><\/blockquote>\n<h4 data-canvas-width=\"280.3266666666666\"><strong>ZIELGRUPPE: \u00a0<\/strong>Alle Mitarbeiter, die einem hohen Stressfaktor ausgesetzt sind z.B. \u00c4rtze, Lehrer, Manager, Eltern, Therapeuten, Sozialarbeiter, usw.<\/h4>\n<div data-canvas-width=\"280.3266666666666\"><\/div>\n<h4 data-canvas-width=\"280.3266666666666\"><strong>WEITERBILDUNGSZIEL:\u00a0<\/strong>Erleichterung, Befreiung, Selbsverwaltung, Selbst\u00e4rkung, Selbstakzeptanz, Achtsamkeit, neue Perspektiven, frische Energie, usw.<\/h4>\n<div data-canvas-width=\"280.3266666666666\"><\/div>\n<h4 data-canvas-width=\"280.3266666666666\"><strong>GRUPPENARBEIT aus der Nose-to-nose-Arbeit:\u00a0<\/strong>Wir arbeiten in einer Gruppe mit nicht mehr als 12 Teilnehmern. Wir beginnen uns mit Spielen sowie mit Stimm- und K\u00f6rper\u00fcbungen aufzuw\u00e4rmen. Wir fahren mit Improvisationen auf einer B\u00fchne (alleine oder mit anderen) fort. Jede Improvisation wird nachbesprochen, um die positiven und wichtigen Aspekte unseres Clowns und wie er mit uns lebt, hervorzuholen. Dies alles geschieht behutsam und respektvoll f\u00fcr den Einzelnen, innerhalb eines Rahmens von Regeln, die ein sicheres und sch\u00fctzendes Umfeld bieten.<\/h4>\n<div data-canvas-width=\"258.034\"><\/div>\n<h4 data-canvas-width=\"258.034\">Die Clownsnase, die kleinste Maske der Welt, ist die Maske, die entlarvt. Durch den Clown k\u00f6nnen wir innere Qualit\u00e4ten der Offenheit, Spontaneit\u00e4t und Spielfreude wiederentdecken. Der Clown erm\u00f6glicht uns, mit unserem Vorstellungsverm\u00f6gen weit auszuholen, w\u00e4hrend wir mit den F\u00fc\u00dfen fest auf dem Boden stehen. Mit Aufw\u00e4rm\u00fcbungen, Spielen und Improvisation auf der leeren B\u00fchne finden wir unseren eigenen Clown und hei\u00dfen ihn in all seinen Facetten willkommen.<\/h4>\n<p><a href=\"http:\/\/iap-personal.de\/wp-content\/uploads\/2015\/11\/Burnout.pdf\">http:\/\/iap-personal.de\/wp-content\/uploads\/2015\/11\/Burnout.pdf<\/a><\/p>\n","protected":false},"excerpt":{"rendered":"<p>PR\u00c4VENTIV UND HANDLUNGSORIENTIERT Zunehmender Arbeitsdruck, private\u00a0und berufliche Doppelbelastung, grauer Arbeitsalltag, missverst\u00e4ndliche Kommunikation und fehlende Anerkennung sind beg\u00fcnstigende Faktoren f\u00fcr Burnout. Die v\u00f6llige Ersch\u00f6pfung kann jedoch vermieden werden, indem Sie lernen, die eigenen Ressourcen zu erkennen, zu entwickeln und optimal zu nutzen. Wir zeigen Ihnen, wie Sie mit qualiziertem Wissen und Handwerkszeug unter professioneller Spielerisch und [&hellip;]<\/p>\n","protected":false},"author":5,"featured_media":0,"parent":0,"menu_order":0,"comment_status":"closed","ping_status":"closed","template":"","meta":[],"_links":{"self":[{"href":"https:\/\/www.nosetonose.info\/de\/wp-json\/wp\/v2\/pages\/560"}],"collection":[{"href":"https:\/\/www.nosetonose.info\/de\/wp-json\/wp\/v2\/pages"}],"about":[{"href":"https:\/\/www.nosetonose.info\/de\/wp-json\/wp\/v2\/types\/page"}],"author":[{"embeddable":true,"href":"https:\/\/www.nosetonose.info\/de\/wp-json\/wp\/v2\/users\/5"}],"replies":[{"embeddable":true,"href":"https:\/\/www.nosetonose.info\/de\/wp-json\/wp\/v2\/comments?post=560"}],"version-history":[{"count":7,"href":"https:\/\/www.nosetonose.info\/de\/wp-json\/wp\/v2\/pages\/560\/revisions"}],"predecessor-version":[{"id":1435,"href":"https:\/\/www.nosetonose.info\/de\/wp-json\/wp\/v2\/pages\/560\/revisions\/1435"}],"wp:attachment":[{"href":"https:\/\/www.nosetonose.info\/de\/wp-json\/wp\/v2\/media?parent=560"}],"curies":[{"name":"wp","href":"https:\/\/api.w.org\/{rel}","templated":true}]}}