{"id":177,"date":"2014-11-12T00:03:35","date_gmt":"2014-11-12T00:03:35","guid":{"rendered":"http:\/\/www.nosetonose.info\/de\/?page_id=177"},"modified":"2017-09-09T08:19:52","modified_gmt":"2017-09-09T06:19:52","slug":"kursstufen","status":"publish","type":"page","link":"https:\/\/www.nosetonose.info\/de\/kursstufen","title":{"rendered":"Kursstufen"},"content":{"rendered":"<h4 style=\"text-align: center;\">Unsere Workshops sind in levels aufgebaut.Besteht der Wunsch die ganze Ausbildung zu machen, beginnt es mit Clown 1, und wird mit Clown 2, Clown 3,&#8221;Towards Performance&#8221; und &#8220;Social Clowning&#8221; fortgef\u00fchrt. Wichtig ist ein kontinuierliche Arbeit am eigenen Clown.Danach besteht die M\u00f6glichkeit bei Interesse die Facilitator Ausbildung zu machen.<\/h4>\n<h4>THE NOSE TO NOSE PROGRAMME<br \/>\nA TWO-YEAR CLOWN TRAINING<\/h4>\n<h4>Nose to Nose offers a coherent two-year programme. The training takes you through all levels of the work starting with the basics right up to learning the skills of performance and Social Clowning (i.e. Court Jester work). You can choose the length of time it takes to complete this progression but we recommend that you take at least two-years to allow time for integration. See our programme to choose your courses.<\/h4>\n<h4>COURSE OUTLINE<\/h4>\n<h4>The basic training consists of four separate one-week courses PLUS five separate Performance weekends.<\/h4>\n<h4>\u2022 Clown 1 (one week or 3 weekends)<br \/>\n\u2022 Clown 2 (one week)<br \/>\n\u2022 Clown 3 (one week)<br \/>\n\u2022 Performance (5 weekends) \u00a0For Germany: 2 longer modules of 4 days each<br \/>\n\u2022 Social Clowning (one week)<\/h4>\n<p>&nbsp;<\/p>\n<h2>Clown 1 &#8211; Courage to Be<strong><a href=\"http:\/\/www.nosetonose.info\/de\/wp-content\/uploads\/2014\/11\/who-me.png\"><img decoding=\"async\" loading=\"lazy\" class=\"alignright wp-image-92 size-full\" src=\"http:\/\/www.nosetonose.info\/de\/wp-content\/uploads\/2014\/11\/who-me.png\" alt=\"who-me\" width=\"425\" height=\"319\" srcset=\"https:\/\/www.nosetonose.info\/de\/wp-content\/uploads\/2014\/11\/who-me.png 425w, https:\/\/www.nosetonose.info\/de\/wp-content\/uploads\/2014\/11\/who-me-300x225.png 300w, https:\/\/www.nosetonose.info\/de\/wp-content\/uploads\/2014\/11\/who-me-135x100.png 135w\" sizes=\"(max-width: 425px) 100vw, 425px\" \/><\/a><\/strong><\/h2>\n<p>Diese erste Stufe legt den Grundstein f\u00fcr das Clowning, die Teilnehmer lernen, pr\u00e4sent und authentisch zu sein. Der innere Clown, der in jedem von ihnen steckt, wird durch Zuh\u00f6ren und Aufgeschlossenheit aufgeweckt und gef\u00f6rdert.<\/p>\n<p>Die Schlichtheit und der Esprit dieser Arbeit l\u00e4sst Teilnehmer Jahr f\u00fcr Jahr wiederkommen. In dem wir unsere spielerische Seite zulassen, entwickeln und erlangen wir die F\u00e4higkeit, zu sein, wer wir wirklich sind und auf das Leben und uns selbst zu vertrauen. Diese erste Stufe f\u00f6rdert die innere Entwicklung und l\u00e4dt dazu ein, die \u00c4ngste, die sich uns in den Weg stellen, zu \u00fcberwinden, um im Hier und Jetzt pr\u00e4sent zu sein.<\/p>\n<h2>Clown 2 -Embrace the Unexpected<strong><br \/>\n<\/strong><\/h2>\n<p>Diese zweite Stufe richtet den Fokus auf soziale Strukturen und Beziehungen. Die anspruchsvolleren Aspekte dieser Stufe sollen den Teilnehmern beibringen, auf der B\u00fchne mehr auf den Partner und das Publikum sowie auf Bilder, Geschichten und Charaktere, die w\u00e4hrend einer Improvisation entstehen, einzugehen. In dieser Stufe wird die Unterrichtsweise ver\u00e4ndert und es werden neue Methoden eingef\u00fchrt, die tiefere Einsichten in die Techniken des Improvisierens und Darstellens erm\u00f6glichen. Neue Strukturen und Themen bringen gr\u00f6\u00dfere Herausforderungen und verlangen mehr Pr\u00e4zision bei den Improvisationen.<\/p>\n<h2>Clown 3 &#8211; The Wisdom of Imperfection<strong><br \/>\n<\/strong><\/h2>\n<p>Clowning ist die Kunst, Fehler zu machen, und es gibt eine Kunst, die Aufmerksamkeit auf das Unerwartete, auf Unf\u00e4lle und die unbeabsichtigten Dinge, die wir tun. Manchmal blendet uns unser Streben nach Perfektion, was die Welt uns zu sagen versucht. Gro\u00dfe Weisheit kann gefunden werden, wenn wir\u00a0Frieden mit unseren Schatten und \u00a0Unzul\u00e4nglichkeiten machen. Clowns feiern unsere Menschlichkeit, auch dasjenige was wir\u00a0 verzweifelt versuchen, nicht zu sein.<\/p>\n<p>Dieser Level-III-Kurs bringt eine neue, frische\u00a0Sichtweise auf Verbesserungen, indem er sich auf die vielen Strategien konzentriert, die wir f\u00fcr die Vermeidung von Fehlern verwenden. Der Kurs vermittelt einen Schwerpunkt auf theatralische und improvisatorische Techniken und wird sich von fr\u00fcheren Levels\u00a0deutlich unterscheiden. Zum Beispiel werden Impros\u00a0wiederholt, um als\u00a0Spieler\u00a0weniger vertraute und \/ oder komfortablen Bereiche erkunden.<\/p>\n<p>Level 3 bewegt die Arbeit einen Schritt weiter\u00a0und ist ein idealer Vorl\u00e4ufer f\u00fcr Towards Performance und \/ oder Social Clowning.<\/p>\n<h2>Towards Performance<\/h2>\n<p>Dieser fortgeschrittene Kurs von 2 Module\u00a0bietet eine ideale Gelegenheit, improvisieren vor einem echten Publikum zu \u00fcben. Jedes Modul\u00a0werden\u00a0zwei abendliche Auff\u00fchrungen f\u00fcr die \u00d6ffentlichkeit\u00a0angeboten. Der folgende Tag konzentriert sich auf die Arbeit durch &#8220;Verbesserungen&#8221; , mit Einsichten und Feedback aus der vorherigen Auff\u00fchrungen\u00a0gewonnen. Der Kurs stellt die Grundprinzipien des &#8220;Social Clowning&#8221; vor.<\/p>\n<h2>Social Clowning<\/h2>\n<p>Diese Stufe benutzt Techniken, die zur Tradition des Hofnarrentums geh\u00f6ren. Unser Ziel bei dieser Stufe ist es, die Kreativit\u00e4t in uns zu befreien und zu erneuern sowie die verspielte Respektlosigkeit des Clowns zur Verbesserung unserer Beziehungen zu anderen und zur Arbeit in Institutionen zu nutzen.<\/p>\n<p>Wir lernen:<\/p>\n<ul>\n<li>soziale, symbolische und archetypische Hinweise zu spiegeln<\/li>\n<li>Gegens\u00e4tze zwischen Weisheit und Absurdit\u00e4t, zwischen Licht und Schatten zu entdecken und zu verinnerlichen<\/li>\n<li>Machtspielchen und K\u00e4mpfe ums Wissen zu parodieren<\/li>\n<li>Das Herzliche zu feiern<\/li>\n<\/ul>\n<p>Indem der Clown dem Leben einen Spiegel vorh\u00e4lt, gibt er uns die Freiheit, \u00fcber verzerrte \u201eSpiegelbilder\u201c unserer Welt und denen von uns Menschen zu lachen. Indem er das menschliche Empfinden zur\u00fcck in den Mittelpunkt des Lebens holt, kann der Clown dessen Paradoxa wiedererlangen und feiern. Indem der Clown mit diesen sozialen, symbolischen und archetypischen Begebenheiten jongliert, deckt er Wahrheiten auf, die ein anderer niemals auszusprechen wagen w\u00fcrde oder k\u00f6nnte.<\/p>\n<p>In dem der Clown Spiele um Wissen und Macht parodiert, zeigt er uns nicht nur das Licht und Dunkel unserer Welt, sondern best\u00e4tigt und feiert damit unsere Menschlichkeit.<\/p>\n","protected":false},"excerpt":{"rendered":"<p>Unsere Workshops sind in levels aufgebaut.Besteht der Wunsch die ganze Ausbildung zu machen, beginnt es mit Clown 1, und wird mit Clown 2, Clown 3,&#8221;Towards Performance&#8221; und &#8220;Social Clowning&#8221; fortgef\u00fchrt. Wichtig ist ein kontinuierliche Arbeit am eigenen Clown.Danach besteht die M\u00f6glichkeit bei Interesse die Facilitator Ausbildung zu machen. THE NOSE TO NOSE PROGRAMME A TWO-YEAR [&hellip;]<\/p>\n","protected":false},"author":5,"featured_media":0,"parent":0,"menu_order":0,"comment_status":"open","ping_status":"open","template":"","meta":[],"_links":{"self":[{"href":"https:\/\/www.nosetonose.info\/de\/wp-json\/wp\/v2\/pages\/177"}],"collection":[{"href":"https:\/\/www.nosetonose.info\/de\/wp-json\/wp\/v2\/pages"}],"about":[{"href":"https:\/\/www.nosetonose.info\/de\/wp-json\/wp\/v2\/types\/page"}],"author":[{"embeddable":true,"href":"https:\/\/www.nosetonose.info\/de\/wp-json\/wp\/v2\/users\/5"}],"replies":[{"embeddable":true,"href":"https:\/\/www.nosetonose.info\/de\/wp-json\/wp\/v2\/comments?post=177"}],"version-history":[{"count":6,"href":"https:\/\/www.nosetonose.info\/de\/wp-json\/wp\/v2\/pages\/177\/revisions"}],"predecessor-version":[{"id":1574,"href":"https:\/\/www.nosetonose.info\/de\/wp-json\/wp\/v2\/pages\/177\/revisions\/1574"}],"wp:attachment":[{"href":"https:\/\/www.nosetonose.info\/de\/wp-json\/wp\/v2\/media?parent=177"}],"curies":[{"name":"wp","href":"https:\/\/api.w.org\/{rel}","templated":true}]}}