{"id":135,"date":"2014-11-11T22:40:42","date_gmt":"2014-11-11T22:40:42","guid":{"rendered":"http:\/\/www.nosetonose.info\/de\/?page_id=135"},"modified":"2023-11-28T17:20:19","modified_gmt":"2023-11-28T16:20:19","slug":"dozentinnen","status":"publish","type":"page","link":"https:\/\/www.nosetonose.info\/de\/dozentinnen","title":{"rendered":"Dozent\/innen"},"content":{"rendered":"<h2 style=\"text-align: left;\"><em>Als Kursleiter vermitteln und erleichtern wir den Zugang zum inneren Clown eines Jeden einzelnen Menschen. Wir bleiben dem Geist des Clownings treu, in dem wir mit dem kreativen Prozess eines jeden Menschen im Fluss bleiben, in dem wir seine emotionale Ausdrucksweise f\u00f6rdern, das Erscheinen der Vorstellungskr\u00e4fte st\u00fctzen und befreien um ihre eigenen, inneren Clown in Beziehung zum Publikum zu gr\u00fcnden.<br \/>\nEs ist unser \u00dcberzeugung dass wir, in dem wir unser Fokus auf das Individuum richten, wir zum Herzen der Arbeit mit dem Clown, das \u201e clowning\u201c gelangen, welches die Suche nach Authenzit\u00e4t sowohl im sozialen, als auch in den pers\u00f6nlichen Dimensionen unseres Lebens ist.<br \/>\n<\/em><\/h2>\n<h1><\/h1>\n<h1>Hanna Mosch<\/h1>\n<p><a href=\"https:\/\/www.nosetonose.info\/de\/dozentinnen\/gisela_mosch_v1\" rel=\"attachment wp-att-1568\"><img decoding=\"async\" loading=\"lazy\" class=\"wp-image-1568 alignleft\" src=\"https:\/\/www.nosetonose.info\/de\/wp-content\/uploads\/2023\/11\/Gisela_Mosch_v1.jpg\" alt=\"\" width=\"292\" height=\"265\" srcset=\"https:\/\/www.nosetonose.info\/de\/wp-content\/uploads\/2023\/11\/Gisela_Mosch_v1.jpg 1173w, https:\/\/www.nosetonose.info\/de\/wp-content\/uploads\/2023\/11\/Gisela_Mosch_v1-300x272.jpg 300w, https:\/\/www.nosetonose.info\/de\/wp-content\/uploads\/2023\/11\/Gisela_Mosch_v1-1024x929.jpg 1024w, https:\/\/www.nosetonose.info\/de\/wp-content\/uploads\/2023\/11\/Gisela_Mosch_v1-768x697.jpg 768w\" sizes=\"(max-width: 292px) 100vw, 292px\" \/><\/a>Hanna has worked as a school teacher, also teaching German to people from all over the world. Currently she works as a legal guardian and as a consultant for families. People with questions and difficulties are close to her heart as they have taught her the most about life and love.<\/p>\n<p>She discovered clowning at 2004, qualified in the Facilitator training of 2012-2014 with Nose to Nose and has worked with various groups teaching clowning in Germany and Britain since.\u00a0Her warm receptiveness and joy in accompanying others resonates in her work.<\/p>\n<p>She is fluent in German and English and lives as a mother of three near Munich.<\/p>\n<h1 style=\"text-align: left;\">Catherine Bryden<\/h1>\n<p style=\"text-align: left;\"><a href=\"http:\/\/www.nosetonose.info\/de\/wp-content\/uploads\/2014\/11\/Bryden_4.jpg\"><img decoding=\"async\" loading=\"lazy\" class=\"size-medium wp-image-379 alignleft\" src=\"http:\/\/www.nosetonose.info\/de\/wp-content\/uploads\/2014\/11\/Bryden_4-300x200.jpg\" alt=\"Bryden_4\" width=\"300\" height=\"200\" srcset=\"https:\/\/www.nosetonose.info\/de\/wp-content\/uploads\/2014\/11\/Bryden_4-300x200.jpg 300w, https:\/\/www.nosetonose.info\/de\/wp-content\/uploads\/2014\/11\/Bryden_4-1024x683.jpg 1024w, https:\/\/www.nosetonose.info\/de\/wp-content\/uploads\/2014\/11\/Bryden_4.jpg 1200w\" sizes=\"(max-width: 300px) 100vw, 300px\" \/><\/a>Catherine (Montreal, Canada) discovered the magical mysterious world of theater clowning in Germany in 2001. This approach to life and living nurtures her deep love and fascination of people, play, relationships, community and above all, the stunning beauty of imperfection. She&#8217;s been submerged in teaching, communication and creative processes for over three fun filled decades on three continents: North America, Asia (Taiwan, Hong Kong, Singapore and China) and Europe. Catherine brings loving audacity and gentle chaos to workshops and the stage, in English, French and German.<\/p>\n<p style=\"text-align: left;\">Catherine Bryden (Montr\u00e9al, Kanada) entdeckte die geheimnisvolle magische Welt des Theaters Clowns von Nose to Nose \u00a0in Deutschland in 2001. Vorher tauchte Sie f\u00fcr \u00fcber drei Jahrzehnten auf drei Kontinenten: Nord Amerika, Asien (Taiwan, Hongkong, Singapur und China) und Europa tief in die Kommunikation und die kreativen Prozesse in Gruppenarbeit ein. Sie sagt das die Wachsamkeit und intuitive offene Art des Clowns n\u00e4hrt ihre Neugier und Faszination f\u00fcr Menschen weit mehr als <em>all <\/em>ihre Studienjahre.\u00a0\u00a0Catherine bringt liebevolle Frechheit, Keckheit und sanftes Chaos in Workshops und auf die B\u00fchne, auf Englisch, Franz\u00f6sisch und Deutsch.<\/p>\n<h5 style=\"text-align: left;\"><\/h5>\n<h1>Vivian Gladwell<\/h1>\n<p><a href=\"http:\/\/www.nosetonose.info\/de\/vivian-close-2\"><img decoding=\"async\" loading=\"lazy\" class=\" wp-image-958 alignleft\" src=\"http:\/\/www.nosetonose.info\/de\/wp-content\/uploads\/2017\/07\/Vivian-close-2-300x200.jpg\" alt=\"Vivian close 2\" width=\"335\" height=\"223\" srcset=\"https:\/\/www.nosetonose.info\/de\/wp-content\/uploads\/2017\/07\/Vivian-close-2-300x200.jpg 300w, https:\/\/www.nosetonose.info\/de\/wp-content\/uploads\/2017\/07\/Vivian-close-2-768x512.jpg 768w, https:\/\/www.nosetonose.info\/de\/wp-content\/uploads\/2017\/07\/Vivian-close-2-1024x683.jpg 1024w, https:\/\/www.nosetonose.info\/de\/wp-content\/uploads\/2017\/07\/Vivian-close-2.jpg 1200w\" sizes=\"(max-width: 335px) 100vw, 335px\" \/><\/a>Vivian is the founder and director of Nose to Nose and has given hundreds of workshops around the world. He lives both in the UK and France where he started clowning in 1978. He speaks French and English fluently.<\/p>\n<p>Vivian began teaching in 1988 as part of the Lifeways Festival at <strong><a href=\"http:\/\/www.emerson.org.uk\/clowning\">Emerson College<\/a> <\/strong>\u2013 UK. He trained as a facilitator with the\u00a0<a href=\"http:\/\/www.bataclown.com\/\"><strong>Bataclown<\/strong><\/a> in 1990 and joined their team in 1991 also working as a modern day Court Jester (<a href=\"http:\/\/www.bataclown.com\/Congres-colloques-journees-professionnelles-AG-seminaires-d-entreprise.html\"><strong>Clownanalyst<\/strong><\/a>).<\/p>\n<p>He created <a href=\"http:\/\/nosetonose.info\/uk\/\"><em><strong>Nose to Nose UK<\/strong> <\/em><\/a>in 1990, <a href=\"http:\/\/nosetonose.info\/na\/\"><em><strong>Nose to Nose of North America <\/strong><\/em><\/a>in 2006, <a href=\"http:\/\/www.nosetonose.info\/de\/\"><em><strong>Nose to Nose Germany<\/strong><\/em><\/a> in 2008, <a href=\"http:\/\/www.nosetonose.info\/it\"><em><strong>NTN Italy in 2016<\/strong><\/em><\/a> and <em><strong>Fool View<\/strong><\/em>, the Social Clowning group and has trained facilitators in the UK, the USA, Germany and Italy \u2013 <strong><a href=\"http:\/\/www.nosetonose.info\/briefhistory.htm\">view history<em>.<\/em><\/a><\/strong><br \/>\nHe continues his role as ambassador for the work by researching the applications of clowning in the context of teacher training, medicine, conflict management, ecology and intercultural work in many countries (<em>South Africa, USA, Senegal, Vietnam, India, Malaysia, Italy, Germany, Norway\u2026<\/em>)<\/p>\n<p>He holds clowning as a social playground for exploring our humanity.<\/p>\n<h1><\/h1>\n<h1>Jessica Hernandez<\/h1>\n<p><strong>\u00a0<\/strong><a href=\"http:\/\/www.nosetonose.info\/de\/wp-content\/uploads\/2014\/11\/Picture-103.jpg\"><img decoding=\"async\" loading=\"lazy\" class=\"size-full wp-image-94 alignleft\" src=\"http:\/\/www.nosetonose.info\/de\/wp-content\/uploads\/2014\/11\/Picture-103.jpg\" alt=\"Picture 103\" width=\"288\" height=\"192\" \/><\/a>Born in 1981 a grown up in Luxembourg. Studied Speech and Drama at the Goetheanum, Dornach (Switzerland) and at Artemis School of Speech and Drama, East Grinstead (West Sussex). She is fluent in English, Spanish, French, German, Swiss German and Luxembourgish. She lives in England and works as an actress and drama teacher \/ workshop facilitator. Her work frequently takes her to Scotland, Switzerland and Luxembourg. She has worked with Special Needs.<\/p>\n<h1><\/h1>\n<h1><\/h1>\n<h1><\/h1>\n<h1><\/h1>\n","protected":false},"excerpt":{"rendered":"<p>Als Kursleiter vermitteln und erleichtern wir den Zugang zum inneren Clown eines Jeden einzelnen Menschen. Wir bleiben dem Geist des Clownings treu, in dem wir mit dem kreativen Prozess eines jeden Menschen im Fluss bleiben, in dem wir seine emotionale Ausdrucksweise f\u00f6rdern, das Erscheinen der Vorstellungskr\u00e4fte st\u00fctzen und befreien um ihre eigenen, inneren Clown in [&hellip;]<\/p>\n","protected":false},"author":5,"featured_media":0,"parent":0,"menu_order":0,"comment_status":"open","ping_status":"open","template":"","meta":[],"_links":{"self":[{"href":"https:\/\/www.nosetonose.info\/de\/wp-json\/wp\/v2\/pages\/135"}],"collection":[{"href":"https:\/\/www.nosetonose.info\/de\/wp-json\/wp\/v2\/pages"}],"about":[{"href":"https:\/\/www.nosetonose.info\/de\/wp-json\/wp\/v2\/types\/page"}],"author":[{"embeddable":true,"href":"https:\/\/www.nosetonose.info\/de\/wp-json\/wp\/v2\/users\/5"}],"replies":[{"embeddable":true,"href":"https:\/\/www.nosetonose.info\/de\/wp-json\/wp\/v2\/comments?post=135"}],"version-history":[{"count":32,"href":"https:\/\/www.nosetonose.info\/de\/wp-json\/wp\/v2\/pages\/135\/revisions"}],"predecessor-version":[{"id":1588,"href":"https:\/\/www.nosetonose.info\/de\/wp-json\/wp\/v2\/pages\/135\/revisions\/1588"}],"wp:attachment":[{"href":"https:\/\/www.nosetonose.info\/de\/wp-json\/wp\/v2\/media?parent=135"}],"curies":[{"name":"wp","href":"https:\/\/api.w.org\/{rel}","templated":true}]}}