{"id":127,"date":"2014-11-11T21:29:45","date_gmt":"2014-11-11T21:29:45","guid":{"rendered":"http:\/\/www.nosetonose.info\/de\/?page_id=127"},"modified":"2016-03-09T22:41:42","modified_gmt":"2016-03-09T21:41:42","slug":"filme-uber-uns","status":"publish","type":"page","link":"https:\/\/www.nosetonose.info\/de\/filme-uber-uns","title":{"rendered":"Filme \u00fcber uns"},"content":{"rendered":"<h1>A film about global and personal change<\/h1>\n<p>&nbsp;<br \/>\n<iframe loading=\"lazy\" width=\"560\" height=\"315\" src=\"https:\/\/www.youtube.com\/embed\/ouSshq0lhwo\" frameborder=\"0\" allowfullscreen><\/iframe><\/p>\n<p><a href=\"http:\/\/aniccathefilm.com\/en\/the-film\/\" target=\"_blank\">http:\/\/aniccathefilm.com\/en\/the-film\/<\/a><\/p>\n<p>by Claus Mikosch<\/p>\n<p>(with Angela Hopkins)<\/p>\n<h1>\u00a0<a href=\"http:\/\/www.nosetonose.info\/de\/wp-content\/uploads\/2014\/11\/pic.jpg\"><img decoding=\"async\" loading=\"lazy\" class=\"alignnone size-medium wp-image-481\" src=\"http:\/\/www.nosetonose.info\/de\/wp-content\/uploads\/2014\/11\/pic-300x168.jpg\" alt=\"pic\" width=\"300\" height=\"168\" \/><\/a><\/h1>\n<h1>Nose to Nose at Nowhere conference<\/h1>\n<p><iframe loading=\"lazy\" width=\"640\" height=\"360\" src=\"http:\/\/www.youtube.com\/embed\/LD6_Qld18n8?feature=oembed\" frameborder=\"0\" allowfullscreen><\/iframe><\/p>\n<p align=\"left\">Soziale Clowning bei einer &#8220;Creative Dialogue &#8216;durch den Nirgendwo Academy in London im September 2010 organisierte die kreativen Dialoge bringen F\u00fchrungskr\u00e4fte und Organisations Praktizierenden in innovativen und partizipativen M\u00f6glichkeiten der Zusammenarbeit Vorderkante Themen f\u00fcr den heutigen Organisationen und f\u00fcr die Gesellschaft zu untersuchen. Diese besondere Dialog konzentrierte sich auf &#8220;Die Entfesselung der sch\u00f6pferischen Kraft des Teams&#8221;. Sharon Usher und Vivian Gladwell von Nase zu Nase besuchte den Tag als Teilnehmer und dann kam auf als Clowns mit einem Teil des Materials des Tages zu improvisieren. Hier ist ein Geschmack des Tages!<\/p>\n<h1 align=\"left\">Nose to Nose film<\/h1>\n<p><iframe loading=\"lazy\" width=\"640\" height=\"360\" src=\"http:\/\/www.youtube.com\/embed\/OF1cRWXyvL8?feature=oembed\" frameborder=\"0\" allowfullscreen><\/iframe><\/p>\n<p>Interview mit Vivian Gladwell und Workshop-Teilnehmer<\/p>\n<p>&nbsp;<\/p>\n<p>&nbsp;<\/p>\n<p>&nbsp;<\/p>\n<p>&nbsp;<\/p>\n<p>&nbsp;<\/p>\n","protected":false},"excerpt":{"rendered":"<p>A film about global and personal change &nbsp; http:\/\/aniccathefilm.com\/en\/the-film\/ by Claus Mikosch (with Angela Hopkins) \u00a0 Nose to Nose at Nowhere conference Soziale Clowning bei einer &#8220;Creative Dialogue &#8216;durch den Nirgendwo Academy in London im September 2010 organisierte die kreativen Dialoge bringen F\u00fchrungskr\u00e4fte und Organisations Praktizierenden in innovativen und partizipativen M\u00f6glichkeiten der Zusammenarbeit Vorderkante Themen [&hellip;]<\/p>\n","protected":false},"author":5,"featured_media":0,"parent":0,"menu_order":0,"comment_status":"open","ping_status":"open","template":"","meta":[],"_links":{"self":[{"href":"https:\/\/www.nosetonose.info\/de\/wp-json\/wp\/v2\/pages\/127"}],"collection":[{"href":"https:\/\/www.nosetonose.info\/de\/wp-json\/wp\/v2\/pages"}],"about":[{"href":"https:\/\/www.nosetonose.info\/de\/wp-json\/wp\/v2\/types\/page"}],"author":[{"embeddable":true,"href":"https:\/\/www.nosetonose.info\/de\/wp-json\/wp\/v2\/users\/5"}],"replies":[{"embeddable":true,"href":"https:\/\/www.nosetonose.info\/de\/wp-json\/wp\/v2\/comments?post=127"}],"version-history":[{"count":7,"href":"https:\/\/www.nosetonose.info\/de\/wp-json\/wp\/v2\/pages\/127\/revisions"}],"predecessor-version":[{"id":568,"href":"https:\/\/www.nosetonose.info\/de\/wp-json\/wp\/v2\/pages\/127\/revisions\/568"}],"wp:attachment":[{"href":"https:\/\/www.nosetonose.info\/de\/wp-json\/wp\/v2\/media?parent=127"}],"curies":[{"name":"wp","href":"https:\/\/api.w.org\/{rel}","templated":true}]}}