{"id":123,"date":"2014-11-11T21:22:30","date_gmt":"2014-11-11T21:22:30","guid":{"rendered":"http:\/\/www.nosetonose.info\/de\/?page_id=123"},"modified":"2023-06-16T08:10:47","modified_gmt":"2023-06-16T06:10:47","slug":"herangehensweise","status":"publish","type":"page","link":"https:\/\/www.nosetonose.info\/de\/herangehensweise","title":{"rendered":"Herangehensweise"},"content":{"rendered":"<h1><\/h1>\n<p><a href=\"https:\/\/www.nosetonose.info\/de\/herangehensweise\/flying2\" rel=\"attachment wp-att-1541\"><img decoding=\"async\" loading=\"lazy\" class=\"wp-image-1541 alignright\" src=\"https:\/\/www.nosetonose.info\/de\/wp-content\/uploads\/2023\/06\/flying2.jpg\" alt=\"\" width=\"339\" height=\"758\" srcset=\"https:\/\/www.nosetonose.info\/de\/wp-content\/uploads\/2023\/06\/flying2.jpg 436w, https:\/\/www.nosetonose.info\/de\/wp-content\/uploads\/2023\/06\/flying2-134x300.jpg 134w\" sizes=\"(max-width: 339px) 100vw, 339px\" \/><\/a>Als Kursleiter glauben wir, dass wir dem Geist des Clownings treu bleiben, wenn wir dem kreativen Prozess eines jeden Menschen folgen, seine emotionale Ausdrucksweise und dessen Vorstellungskr\u00e4fte f\u00f6rdern und damit dem Schauspieler erm\u00f6glichen, seinen eigenen, inneren Clown zu finden, der bei jedem einzigartig ist und seinen Ursprung in der Beziehung zum Publikum hat.<\/p>\n<p>Wir sind davon \u00fcberzeugt, dass wir, indem wir unseren Fokus auf das Individuum richten, zum Herzen des sogenannten \u201eClownings\u201c, also der Arbeit mit dem inneren Clown eines jeden Menschen, vordringen, der nach Authentizit\u00e4t sowohl im sozialen, als auch in den pers\u00f6nlichen Dimensionen unseres Lebens sucht.<\/p>\n<p>Der von uns \u00fcber Jahre entwickelte Ansatz zum Clowning findet immer mehr Resonanz, sowohl im Bereich der Pers\u00f6nlichkeitsentwicklung innerhalb unserer \u201eclown within\u201c-Workshops, als auch im Bereich der sozialen Mediation mit unserer Court Jester Group. In unseren Workshops haben wir eine Bandbreite von Menschen aus professionellen und sozialen Hintergr\u00fcnden jeden Alters, mit und ohne Theatererfahrung.<\/p>\n<p>Viele Menschen haben die Arbeit mit ihrem \u201einneren Clown\u201c fortgesetzt, da sie die befreiende und spielerische Arbeit als lebensnotwendig empfinden.<\/p>\n<h1>Was passiert in einem Workshop?<\/h1>\n<p>Wir arbeiten in einer Gruppe mit nicht mehr als 12 Teilnehmern. Wir beginnen uns mit Spielen sowie mit Stimm- und K\u00f6rper\u00fcbungen aufzuw\u00e4rmen. Wir fahren mit Improvisationen auf einer B\u00fchne (alleine oder mit anderen) fort. Jede Improvisation wird nachbesprochen, um die positiven und wichtigen Aspekte unseres Clowns und wie er mit uns lebt, hervorzuholen. Dies alles geschieht behutsam und respektvoll f\u00fcr den Einzelnen, innerhalb eines Rahmens von Regeln, die ein sicheres und sch\u00fctzendes Umfeld bieten.<\/p>\n<h1>Der innere Clown<\/h1>\n<p>Die Clownsnase, die kleinste Maske der Welt, ist die Maske, die entlarvt. Durch den Clown k\u00f6nnen wir innere Qualit\u00e4ten der Offenheit, Spontaneit\u00e4t und Spielfreude wiederentdecken. Der Clown erm\u00f6glicht uns, mit unserem Vorstellungsverm\u00f6gen weit auszuholen, w\u00e4hrend wir mit den F\u00fc\u00dfen fest auf dem Boden stehen. Mit Aufw\u00e4rm\u00fcbungen, Spielen und Improvisation auf der leeren B\u00fchne finden wir unseren eigenen Clown und hei\u00dfen ihn in all seinen Facetten willkommen.<\/p>\n<h1>Unsere Leits\u00e4tze<\/h1>\n<p>Hier einige unserer Hauptleits\u00e4tze, denen wir uns in unserer Arbeit verschreiben und die unseren besonderen Ansatz definieren.<\/p>\n<ul>\n<li>Arbeit in kleinen Gruppen<\/li>\n<li>Der Mensch im Mittelpunkt<\/li>\n<li>Ein der Erfahrung eines jeden Teilnehmers angepasster, strukturierter Unterricht<\/li>\n<li>Tatkr\u00e4ftige Unterst\u00fctzung und Lenkung Ihrer Arbeit<\/li>\n<li>Eine positive Sichtweise<\/li>\n<li>Die M\u00f6glichkeit verschaffen, Ihr eigener Lehrer zu werden<\/li>\n<li>Das gemeinsame Erforschen und Lernen<\/li>\n<li>Dem Pers\u00f6nlichen und dem Sozialen eine Stimme geben<\/li>\n<\/ul>\n<h1>Kleine Gruppen<\/h1>\n<p>Wir arbeiten mit nicht mehr als 12 Teilnehmern. Damit k\u00f6nnen alle an allen \u00dcbungen und Improvisationen (insbesondere Solo- und Paarimprovisationen) teilnehmen. Au\u00dferdem erm\u00f6glicht uns die geringe Teilnehmerzahl, jeden individuell zu coachen und jedem ein pers\u00f6nliches Feedback zu geben. Folglich m\u00fcssen Sie niemals um Ihren Platz in der Gruppe k\u00e4mpfen oder sich darum streiten, wer die \u00dcbung machen darf.<\/p>\n<h1>Der Mensch im Mittelpunkt<\/h1>\n<p>Unsere Lehrmethode setzt auf \u201eden Menschen im Mittelpunkt\u201c, welche den individuellen Weg zur Entdeckung des eigenen Clowns respektiert. Indem sich der Fokus auf die jeweiligen Erfahrungen des Individuums richtet, geben wir der Authentizit\u00e4t den Vorrang vor der Aneignung externer F\u00e4higkeiten im Lernprozess. Wir glauben daran, dass der Ausdruck der inneren Authentizit\u00e4t den Grundstein f\u00fcr das Clowning legt.<\/p>\n<h1>Ein der Erfahrung eines jeden Teilnehmers angepasster, strukturierter Unterricht<\/h1>\n<p>Wir strukturieren unseren Unterricht sorgsam, ber\u00fccksichtigen Ihren Erfahrungsgrad und sind bem\u00fcht, die Gruppen nach diesem zusammenzustellen.(siehe Verlauf).<\/p>\n<p>Unser Team ber\u00e4t sich regelm\u00e4\u00dfig, um sich \u00fcber neue Entwicklungen und Ideen bez\u00fcglich des Unterrichtens von Clowning auszutauschen. Unser Ansatz fokussiert darauf, die Konzepte von Clowning auf klare, vergn\u00fcgliche und zug\u00e4ngliche Weise zu vermitteln.<\/p>\n<h1>Tatkr\u00e4ftige Unterst\u00fctzung und Lenkung Ihrer Arbeit<\/h1>\n<p>Auch wenn die Arbeit \u00f6fters eine Herausforderung bedeutet, engagieren wir uns daf\u00fcr, Sie so behutsam und so gewissenhaft wie m\u00f6glich zu begleiten. Wir werden Sie immer ermutigen und unterst\u00fctzen und aufkommende Probleme und Angelegenheiten mit Ihnen besprechen. Falls notwendig besprechen wir unseren Ansatz und unsere Arbeit mit Ihnen. Unser Ziel ist es, einen gemeinschaftlichen Forschergeist und Partnerschaft zu entwickeln, sowie Gespr\u00e4che, die das Nachfragen, pers\u00f6nliche Einsichten und Verantwortung innerhalb der Lernsituation f\u00f6rdern, zu erm\u00f6glichen.<\/p>\n<h1>Eine positive Sichtweise<\/h1>\n<p>Wir glauben daran, dass Menschen am besten in einer unterst\u00fctzenden, positiven Umgebung wachsen und lernen k\u00f6nnen. In unserem Feedback zeigen wir die guten Dinge auf, ohne selbstgef\u00e4llig zu sein oder zu verbergen, was wir denken. Diese positive Sichtweise, so unsere \u00dcberzeugung, festigt den Mut, die eigenen Gef\u00fchle zuzulassen und uns in die Welt freudig einzubringen &#8211; essentielle Zutaten f\u00fcr das Clowning.<\/p>\n<p>Die M\u00f6glichkeit verschaffen, Ihr eigener Lehrer zu werden<\/p>\n<p>Da wir uns eine andere Denkweise f\u00fcr das Lernen durch den Dialog und Nachfragen w\u00fcnschen, schaffen wir einen Zeitraum f\u00fcr Mitteilung und Reflexion nach jeder \u00dcbung, jedem Spiel und jeder Improvisation in der Gruppe. Wir betrachten diese Nachbesprechungen als das Wichtigste im Lernprozess und als M\u00f6glichkeit, Sie Ihr eigener Lehrer sein zu lassen. Als Kursleiter sehen wir uns als Reisepartner auf Entdeckungsfahrt und ermutigen zum Dialog und zur Nachfrage.<\/p>\n<h1>Das gemeinsame Erforschen und Lernen<\/h1>\n<p>Da wir uns engagieren, einen Geist des gemeinsamen Erforschens und Lernens in unserer Arbeit zu f\u00f6rdern, haben viele unserer Kurse zwei Kursleiter. Erfahrene Mitwirkende im Team erm\u00f6glichen Vielfalt und eine Kontinuit\u00e4t im Lernen und Wachstum innerhalb der Arbeit.<\/p>\n<h1>Dem Pers\u00f6nlichen und dem Sozialen eine Stimme geben<\/h1>\n<p>Unserer Auffassung nach sprechen Clowns die pers\u00f6nlichen und sozialen Belange unseres Lebens an. Sie sind keine wortlosen Mimen. In unserer Arbeit gebrauchen wir W\u00f6rter, Sprache und eine Bandbreite emotionaler Ausdrucksweisen, von Freude bis Zorn, sowie den K\u00f6rper, die Stimme und die Gestik. Unser einzige Regel: Verletze dich oder andere nie, und mache nichts kaputt.<\/p>\n","protected":false},"excerpt":{"rendered":"<p>Als Kursleiter glauben wir, dass wir dem Geist des Clownings treu bleiben, wenn wir dem kreativen Prozess eines jeden Menschen folgen, seine emotionale Ausdrucksweise und dessen Vorstellungskr\u00e4fte f\u00f6rdern und damit dem Schauspieler erm\u00f6glichen, seinen eigenen, inneren Clown zu finden, der bei jedem einzigartig ist und seinen Ursprung in der Beziehung zum Publikum hat. Wir sind [&hellip;]<\/p>\n","protected":false},"author":5,"featured_media":0,"parent":0,"menu_order":1,"comment_status":"closed","ping_status":"closed","template":"","meta":[],"_links":{"self":[{"href":"https:\/\/www.nosetonose.info\/de\/wp-json\/wp\/v2\/pages\/123"}],"collection":[{"href":"https:\/\/www.nosetonose.info\/de\/wp-json\/wp\/v2\/pages"}],"about":[{"href":"https:\/\/www.nosetonose.info\/de\/wp-json\/wp\/v2\/types\/page"}],"author":[{"embeddable":true,"href":"https:\/\/www.nosetonose.info\/de\/wp-json\/wp\/v2\/users\/5"}],"replies":[{"embeddable":true,"href":"https:\/\/www.nosetonose.info\/de\/wp-json\/wp\/v2\/comments?post=123"}],"version-history":[{"count":7,"href":"https:\/\/www.nosetonose.info\/de\/wp-json\/wp\/v2\/pages\/123\/revisions"}],"predecessor-version":[{"id":1546,"href":"https:\/\/www.nosetonose.info\/de\/wp-json\/wp\/v2\/pages\/123\/revisions\/1546"}],"wp:attachment":[{"href":"https:\/\/www.nosetonose.info\/de\/wp-json\/wp\/v2\/media?parent=123"}],"curies":[{"name":"wp","href":"https:\/\/api.w.org\/{rel}","templated":true}]}}