{"id":1154,"date":"2018-06-06T15:26:13","date_gmt":"2018-06-06T13:26:13","guid":{"rendered":"http:\/\/www.nosetonose.info\/de\/?page_id=1154"},"modified":"2024-11-03T08:53:35","modified_gmt":"2024-11-03T07:53:35","slug":"impressum","status":"publish","type":"page","link":"https:\/\/www.nosetonose.info\/de\/impressum","title":{"rendered":"Impressum"},"content":{"rendered":"<p>IMPRESSUM<\/p>\n<p>Nose to Nose\u00a0\u00a0&#8211; Clown workshops<\/p>\n<p>Vivian Gladwell<\/p>\n<p>&#x6d;a&#x69;&#x6c;&#64;&#x6e;&#111;s&#x65;&#116;o&#x6e;&#111;s&#x65;&#46;i&#x6e;f&#x6f;<\/p>\n<p>Contact in Germany:<\/p>\n<p><a class=\"docs-creator\" href=\"&#x6d;a&#x69;l&#x74;&#111;:&#x68;a&#x6e;&#110;a&#x40;n&#x6f;&#115;e&#x74;o&#x6e;o&#x73;&#x65;.&#x69;n&#x66;&#111;\">&#x68;&#x61;&#x6e;&#x6e;&#x61;&#x40;&#x6e;&#x6f;&#x73;&#x65;&#x74;&#x6f;&#x6e;&#x6f;&#x73;&#x65;&#x2e;&#x69;&#x6e;&#x66;&#x6f;<\/a><\/p>\n<p><a class=\"docs-creator\" href=\"m&#97;&#x69;&#x6c;to&#58;&#x63;&#x61;th&#101;&#x72;&#x69;ne&#x40;&#x6e;&#x6f;s&#101;&#x74;&#x6f;no&#115;&#x65;&#x2e;in&#102;&#x6f;\">cat&#104;&#x65;&#x72;&#x69;&#x6e;e&#64;n&#111;&#x73;&#x65;&#x74;&#x6f;nos&#101;&#46;&#x69;&#x6e;&#x66;&#x6f;<\/a><\/p>\n<p>Inhaltlich verantwortlich: Vivian Gladwell<\/p>\n<p>Die Autorinnen dieser Seite \u00fcbernehmen keine Haftung f\u00fcr Inhalte externer Links. F\u00fcr den Inhalt der verlinkten Seiten sind ausschlie\u00dflich deren Betreiber verantwortlich.<\/p>\n<p><strong>Hinweise:<\/strong><br \/>\nDie Inhalte dieser Website werden sorgf\u00e4ltig gepr\u00fcft und nach bestem Wissen erstellt. Trotz sorgf\u00e4ltiger inhaltlicher Kontrolle k\u00f6nnen sich Inhalte verlinkter Seiten anderer Anbieter ohne unsere Kenntnis kurzfristig \u00e4ndern. F\u00fcr die Inkenntnissetzung \u00fcber fehlerhafte oder bedenkliche Links und\/oder Inhalte nutzen Sie bitte o.g. Kontaktinformationen.<\/p>\n<p>Eine Vervielf\u00e4ltigung oder Verwendung von Inhalten dieser Website, auch in Teilen, bedarf der schriftlichen Zustimmung des Betreibers der Website. S\u00e4mtliche Texte, Grafiken und Bilder sind urheberrechtlich gesch\u00fctzt; eine Verwendung ist nur mit ausdr\u00fccklicher, schriftlicher Genehmigung des jeweiligen Urhebers zul\u00e4ssig. Links auf diese Website sind erw\u00fcnscht, die \u00dcbernahme in einen Frame hingegen ist unzul\u00e4ssig.<\/p>\n<p>Hinweise auf fehlerhafte Inhalte, die versehentliche Verletzung von Urheber- oder Nutzungsrechten oder auf fehlende Kennzeichnung dieser werden bitte unter o.g. Kontaktdaten abgegeben, damit schnellstm\u00f6glich Abhilfe geschaffen werden kann.<\/p>\n","protected":false},"excerpt":{"rendered":"<p>IMPRESSUM Nose to Nose\u00a0\u00a0&#8211; Clown workshops Vivian Gladwell &#x6d;&#x61;&#x69;&#x6c;&#x40;&#x6e;&#111;&#115;etonos&#x65;&#x2e;&#x69;&#x6e;&#x66;&#x6f; Contact in Germany: &#x68;&#x61;&#110;na&#x40;&#x6e;&#x6f;set&#x6f;&#x6e;&#111;se&#x2e;&#x69;&#x6e;&#102;o &#x63;a&#x74;&#104;e&#x72;i&#x6e;&#101;&#64;&#x6e;o&#x73;&#101;t&#x6f;n&#x6f;&#x73;e&#x2e;&#105;n&#x66;o Inhaltlich verantwortlich: Vivian Gladwell Die Autorinnen dieser Seite \u00fcbernehmen keine Haftung f\u00fcr Inhalte externer Links. F\u00fcr den Inhalt der verlinkten Seiten sind ausschlie\u00dflich deren Betreiber verantwortlich. Hinweise: Die Inhalte dieser Website werden sorgf\u00e4ltig gepr\u00fcft und nach bestem Wissen erstellt. Trotz sorgf\u00e4ltiger [&hellip;]<\/p>\n","protected":false},"author":5,"featured_media":0,"parent":0,"menu_order":0,"comment_status":"closed","ping_status":"closed","template":"","meta":[],"_links":{"self":[{"href":"https:\/\/www.nosetonose.info\/de\/wp-json\/wp\/v2\/pages\/1154"}],"collection":[{"href":"https:\/\/www.nosetonose.info\/de\/wp-json\/wp\/v2\/pages"}],"about":[{"href":"https:\/\/www.nosetonose.info\/de\/wp-json\/wp\/v2\/types\/page"}],"author":[{"embeddable":true,"href":"https:\/\/www.nosetonose.info\/de\/wp-json\/wp\/v2\/users\/5"}],"replies":[{"embeddable":true,"href":"https:\/\/www.nosetonose.info\/de\/wp-json\/wp\/v2\/comments?post=1154"}],"version-history":[{"count":4,"href":"https:\/\/www.nosetonose.info\/de\/wp-json\/wp\/v2\/pages\/1154\/revisions"}],"predecessor-version":[{"id":1636,"href":"https:\/\/www.nosetonose.info\/de\/wp-json\/wp\/v2\/pages\/1154\/revisions\/1636"}],"wp:attachment":[{"href":"https:\/\/www.nosetonose.info\/de\/wp-json\/wp\/v2\/media?parent=1154"}],"curies":[{"name":"wp","href":"https:\/\/api.w.org\/{rel}","templated":true}]}}